{"id":1195,"date":"2022-11-14T12:56:39","date_gmt":"2022-11-14T12:56:39","guid":{"rendered":"https:\/\/www.digequal.com\/ueber\/"},"modified":"2022-11-15T10:19:42","modified_gmt":"2022-11-15T10:19:42","slug":"ueber","status":"publish","type":"page","link":"https:\/\/www.digequal.com\/de\/ueber\/","title":{"rendered":"\u00dcber"},"content":{"rendered":"\t\t<div data-elementor-type=\"wp-page\" data-elementor-id=\"1195\" class=\"elementor elementor-1195 elementor-347\" data-elementor-post-type=\"page\">\n\t\t\t\t\t\t<div class=\"elementor-inner\">\n\t\t\t\t<div class=\"elementor-section-wrap\">\n\t\t\t\t\t\t\t\t\t<section class=\"elementor-section elementor-top-section elementor-element elementor-element-b395370 elementor-section-boxed elementor-section-height-default elementor-section-height-default\" data-id=\"b395370\" data-element_type=\"section\">\n\t\t\t\t\t\t<div class=\"elementor-container elementor-column-gap-default\">\n\t\t\t\t\t\t\t<div class=\"elementor-row\">\n\t\t\t\t\t<div class=\"elementor-column elementor-col-100 elementor-top-column elementor-element elementor-element-6517af9\" data-id=\"6517af9\" data-element_type=\"column\">\n\t\t\t<div class=\"elementor-column-wrap elementor-element-populated\">\n\t\t\t\t\t\t\t<div class=\"elementor-widget-wrap\">\n\t\t\t\t\t\t<div class=\"elementor-element elementor-element-48ac786 elementor-widget elementor-widget-spacer\" data-id=\"48ac786\" data-element_type=\"widget\" data-widget_type=\"spacer.default\">\n\t\t\t\t<div class=\"elementor-widget-container\">\n\t\t\t\t\t<div class=\"elementor-spacer\">\n\t\t\t<div class=\"elementor-spacer-inner\"><\/div>\n\t\t<\/div>\n\t\t\t\t<\/div>\n\t\t\t\t<\/div>\n\t\t\t\t\t\t<\/div>\n\t\t\t\t\t<\/div>\n\t\t<\/div>\n\t\t\t\t\t\t\t\t<\/div>\n\t\t\t\t\t<\/div>\n\t\t<\/section>\n\t\t\t\t<section class=\"elementor-section elementor-top-section elementor-element elementor-element-2d79461 elementor-section-boxed elementor-section-height-default elementor-section-height-default\" data-id=\"2d79461\" data-element_type=\"section\">\n\t\t\t\t\t\t<div class=\"elementor-container elementor-column-gap-default\">\n\t\t\t\t\t\t\t<div class=\"elementor-row\">\n\t\t\t\t\t<div class=\"elementor-column elementor-col-50 elementor-top-column elementor-element elementor-element-b0d5e49\" data-id=\"b0d5e49\" data-element_type=\"column\">\n\t\t\t<div class=\"elementor-column-wrap elementor-element-populated\">\n\t\t\t\t\t\t\t<div class=\"elementor-widget-wrap\">\n\t\t\t\t\t\t<div class=\"elementor-element elementor-element-a05f101 elementor-widget elementor-widget-tp-unfold\" data-id=\"a05f101\" data-element_type=\"widget\" data-widget_type=\"tp-unfold.default\">\n\t\t\t\t<div class=\"elementor-widget-container\">\n\t\t\t<div class=\"tp-unfold-wrapper plus69ee780ebb38e tp-ca-center \" data-id=\"plus69ee780ebb38e\"  data-content_a_source=\"content\" data-con_pos=\"default\" data-icon-position=\"tp_ic_pos_before\" data-readmore=\"Weiterlesen\" data-readless=\"Lese weniger\" data-readmore-icon=\"&lt;i aria-hidden=&quot;true&quot; class=&quot;fas fa-book-open&quot;&gt;&lt;\/i&gt;\" data-readless-icon=\"&lt;i aria-hidden=&quot;true&quot; class=&quot;fas fa-book&quot;&gt;&lt;\/i&gt;\"  data-transition-duration=\"200\" data-content-max-height=\"175\" data-content-max-height-t=\"100\" data-content-max-height-m=\"100\"  ><div class=\"tp-unfold-title\">\u00dcber<\/div><div class=\"tp-unfold-description\" ><div class=\"tp-unfold-description-inner\"><p>Die Einf\u00fchrung digitaler Technologien bei Beh\u00f6rden und anderen Diensten hat die Art und Weise, wie Erwachsene in Europa online interagieren, erheblich ver\u00e4ndert.<\/p>\n<p>E-Government meint die Bereitstellung von Dienstleistungen der Verwaltung, die online (also \u00fcber das Internet) bereitgestellt wird. Dig-Equal ist ein europ\u00e4isches Projekt, das sich darauf konzentriert, den Zugang zu Online-Diensten und E-Government f\u00fcr jedermann zu vereinfachen. Wir wollen die europ\u00e4ischen B\u00fcrgerinnen und B\u00fcrger dabei unterst\u00fctzen, zu verstehen, wie sie E-Government-Dienste am besten nutzen k\u00f6nnen.<\/p>\n<p>Die breite Nutzung von Online-Diensten und \u00f6ffentlichen Einrichtungen im Internet ist in Europa noch lange nicht Realit\u00e4t. Einerseits gibt es in Deutschland noch nicht allzu viele Onlineangebote der Verwaltung, andererseits tun sich viele vor allem \u00e4ltere Erwachsene mit der Nutzung der bereits bestehenden Angebot schwer.<\/p>\n<p>Wir wollen diese Wissensl\u00fccke schlie\u00dfen und innovative Werkzeuge und Methoden entwickeln, um Erwachsene mittleren Alters zu bef\u00e4higen sich im Internet und als B\u00fcrger einfacher zu bewegen.<\/p>\n<p>Das Projekt Dig-Equal zielt darauf ab, eine Br\u00fccke zwischen Erwachsenen, die unter digitaler Ausgrenzung leiden, und E-Government-Diensten zu schlagen und gleichzeitig an den F\u00e4higkeiten und Kompetenzen von Erwachsenenbildnern zu arbeiten.<\/p>\n<\/div><\/div><div class=\"tp-unfold-last-toggle center\"><button class=\"tp-unfold-toggle \"><i aria-hidden=\"true\" class=\"fas fa-book-open\"><\/i> Weiterlesen <\/button><\/div><\/div>\t\t<\/div>\n\t\t\t\t<\/div>\n\t\t\t\t\t\t<\/div>\n\t\t\t\t\t<\/div>\n\t\t<\/div>\n\t\t\t\t<div class=\"elementor-column elementor-col-50 elementor-top-column elementor-element elementor-element-011f39a\" data-id=\"011f39a\" data-element_type=\"column\">\n\t\t\t<div class=\"elementor-column-wrap elementor-element-populated\">\n\t\t\t\t\t\t\t<div class=\"elementor-widget-wrap\">\n\t\t\t\t\t\t<div class=\"elementor-element elementor-element-97379d2 elementor-widget elementor-widget-image\" data-id=\"97379d2\" data-element_type=\"widget\" data-widget_type=\"image.default\">\n\t\t\t\t<div class=\"elementor-widget-container\">\n\t\t\t\t\t\t\t\t<div class=\"elementor-image\">\n\t\t\t\t\t\t\t\t\t\t\t\t<img width=\"634\" height=\"414\" src=\"https:\/\/www.digequal.com\/wp-content\/uploads\/2022\/06\/DigEgual_hero_02.svg\" class=\"attachment-full size-full wp-image-927\" alt=\"\" loading=\"lazy\" \/>\t\t\t\t\t\t\t\t\t\t\t\t\t\t<\/div>\n\t\t\t\t\t\t<\/div>\n\t\t\t\t<\/div>\n\t\t\t\t\t\t<\/div>\n\t\t\t\t\t<\/div>\n\t\t<\/div>\n\t\t\t\t\t\t\t\t<\/div>\n\t\t\t\t\t<\/div>\n\t\t<\/section>\n\t\t\t\t<section class=\"elementor-section elementor-top-section elementor-element elementor-element-0a51c97 elementor-section-boxed elementor-section-height-default elementor-section-height-default\" data-id=\"0a51c97\" data-element_type=\"section\">\n\t\t\t\t\t\t<div class=\"elementor-container elementor-column-gap-default\">\n\t\t\t\t\t\t\t<div class=\"elementor-row\">\n\t\t\t\t\t<div class=\"elementor-column elementor-col-100 elementor-top-column elementor-element elementor-element-7e5db99\" data-id=\"7e5db99\" data-element_type=\"column\">\n\t\t\t<div class=\"elementor-column-wrap elementor-element-populated\">\n\t\t\t\t\t\t\t<div class=\"elementor-widget-wrap\">\n\t\t\t\t\t\t<div class=\"elementor-element elementor-element-4df3098 elementor-widget elementor-widget-spacer\" data-id=\"4df3098\" data-element_type=\"widget\" data-widget_type=\"spacer.default\">\n\t\t\t\t<div class=\"elementor-widget-container\">\n\t\t\t\t\t<div class=\"elementor-spacer\">\n\t\t\t<div class=\"elementor-spacer-inner\"><\/div>\n\t\t<\/div>\n\t\t\t\t<\/div>\n\t\t\t\t<\/div>\n\t\t\t\t<div class=\"elementor-element elementor-element-cdeaa21 elementor-widget elementor-widget-text-editor\" data-id=\"cdeaa21\" data-element_type=\"widget\" data-widget_type=\"text-editor.default\">\n\t\t\t\t<div class=\"elementor-widget-container\">\n\t\t\t\t\t\t\t\t<div class=\"elementor-text-editor elementor-clearfix\">\n\t\t\t\t<p><strong>Dig-Equal ist ein europ\u00e4isches Projekt, das folgende Ziele verfolgt:<\/strong><\/p>\n<ol>\n<li>Definition der wichtigsten F\u00e4higkeiten, die es f\u00fcr eine erfolgreiche Interaktion mit elektronischen Beh\u00f6rdendiensten durch Erwachsene braucht, damit diese ihre Rechte als B\u00fcrger in vollem Umfang wahrnehmen k\u00f6nnen.<\/li>\n<li>Entwicklung innovativer L\u00f6sungen f\u00fcr Bildungszentren, die mit Erwachsenen arbeiten.<\/li>\n<li>Verbesserung der F\u00e4higkeiten und Kompetenzen von Erwachsenenbildnern und gering qualifizierten Erwachsenen durch die Durchf\u00fchrung eines Schulungskurses zu verschiedenen Aspekten von E-Government.<\/li>\n<li>Entwicklung einer &#8220;questbasierten interaktiven Web-App&#8221;, die einem gamifizierten Ansatz folgt und nicht nur von P\u00e4dagogen als Bildungsinstrument, sondern auch als Selbstlerninstrument genutzt werden kann, das besonders f\u00fcr benachteiligte und kulturell vielf\u00e4ltige Gruppen n\u00fctzlich ist.<\/li>\n<\/ol>\n\t\t\t\t\t<\/div>\n\t\t\t\t\t\t<\/div>\n\t\t\t\t<\/div>\n\t\t\t\t<div class=\"elementor-element elementor-element-142ab2d elementor-widget elementor-widget-spacer\" data-id=\"142ab2d\" data-element_type=\"widget\" data-widget_type=\"spacer.default\">\n\t\t\t\t<div class=\"elementor-widget-container\">\n\t\t\t\t\t<div class=\"elementor-spacer\">\n\t\t\t<div class=\"elementor-spacer-inner\"><\/div>\n\t\t<\/div>\n\t\t\t\t<\/div>\n\t\t\t\t<\/div>\n\t\t\t\t<div class=\"elementor-element elementor-element-8d4a966 why elementor-position-top elementor-vertical-align-top elementor-widget elementor-widget-image-box\" data-id=\"8d4a966\" data-element_type=\"widget\" id=\"why\" data-widget_type=\"image-box.default\">\n\t\t\t\t<div class=\"elementor-widget-container\">\n\t\t\t<div class=\"elementor-image-box-wrapper\"><figure class=\"elementor-image-box-img\"><img width=\"768\" height=\"506\" src=\"https:\/\/www.digequal.com\/wp-content\/uploads\/2022\/06\/people-pc.svg\" class=\"attachment-medium_large size-medium_large wp-image-983\" alt=\"\" loading=\"lazy\" \/><\/figure><div class=\"elementor-image-box-content\"><h3 class=\"elementor-image-box-title\">Warum?<\/h3><p class=\"elementor-image-box-description\">Die Vorteile der Nutzung von E-Government-Diensten im Leben von Erwachsenen sind unbestreitbar und zahlreich. Gleichzeitig ist festzustellen, dass Erwachsenenbildungseinrichtungen keine spezifischen Strategien haben, um die Auswirkungen der sogenannten zweiten und dritten digitalen Kluft (engl. = digital gap) zu bek\u00e4mpfen und somit nicht auf die digitale Transformation vorbereitet sind, die in der EU stattfindet.<\/p><\/div><\/div>\t\t<\/div>\n\t\t\t\t<\/div>\n\t\t\t\t<div class=\"elementor-element elementor-element-3eca01d elementor-widget elementor-widget-spacer\" data-id=\"3eca01d\" data-element_type=\"widget\" data-widget_type=\"spacer.default\">\n\t\t\t\t<div class=\"elementor-widget-container\">\n\t\t\t\t\t<div class=\"elementor-spacer\">\n\t\t\t<div class=\"elementor-spacer-inner\"><\/div>\n\t\t<\/div>\n\t\t\t\t<\/div>\n\t\t\t\t<\/div>\n\t\t\t\t<div class=\"elementor-element elementor-element-d3ac60c elementor-position-top elementor-vertical-align-top elementor-widget elementor-widget-image-box\" data-id=\"d3ac60c\" data-element_type=\"widget\" data-widget_type=\"image-box.default\">\n\t\t\t\t<div class=\"elementor-widget-container\">\n\t\t\t<div class=\"elementor-image-box-wrapper\"><figure class=\"elementor-image-box-img\"><img width=\"1000\" height=\"659\" src=\"https:\/\/www.digequal.com\/wp-content\/uploads\/2022\/06\/girl.svg\" class=\"attachment-full size-full wp-image-987\" alt=\"\" loading=\"lazy\" \/><\/figure><div class=\"elementor-image-box-content\"><h3 class=\"elementor-image-box-title\">Wie?<\/h3><p class=\"elementor-image-box-description\">Dig-Equal zielt darauf ab, p\u00e4dagogische Instrumente zu entwickeln, die von Erwachsenenbildungszeinrichtungen eingesetzt werden k\u00f6nnen, um eine Br\u00fccke zwischen digital ausgegrenzten Erwachsenen und E-Government-Diensten zu schlagen.<\/p><\/div><\/div>\t\t<\/div>\n\t\t\t\t<\/div>\n\t\t\t\t\t\t<\/div>\n\t\t\t\t\t<\/div>\n\t\t<\/div>\n\t\t\t\t\t\t\t\t<\/div>\n\t\t\t\t\t<\/div>\n\t\t<\/section>\n\t\t\t\t<section class=\"elementor-section elementor-top-section elementor-element elementor-element-f017d0b elementor-section-boxed elementor-section-height-default elementor-section-height-default\" data-id=\"f017d0b\" data-element_type=\"section\">\n\t\t\t\t\t\t<div class=\"elementor-container elementor-column-gap-default\">\n\t\t\t\t\t\t\t<div class=\"elementor-row\">\n\t\t\t\t\t<div class=\"elementor-column elementor-col-100 elementor-top-column elementor-element elementor-element-e0e9e5b\" data-id=\"e0e9e5b\" data-element_type=\"column\">\n\t\t\t<div class=\"elementor-column-wrap elementor-element-populated\">\n\t\t\t\t\t\t\t<div class=\"elementor-widget-wrap\">\n\t\t\t\t\t\t<div class=\"elementor-element elementor-element-46289ab elementor-widget elementor-widget-spacer\" data-id=\"46289ab\" data-element_type=\"widget\" data-widget_type=\"spacer.default\">\n\t\t\t\t<div class=\"elementor-widget-container\">\n\t\t\t\t\t<div class=\"elementor-spacer\">\n\t\t\t<div class=\"elementor-spacer-inner\"><\/div>\n\t\t<\/div>\n\t\t\t\t<\/div>\n\t\t\t\t<\/div>\n\t\t\t\t\t\t<\/div>\n\t\t\t\t\t<\/div>\n\t\t<\/div>\n\t\t\t\t\t\t\t\t<\/div>\n\t\t\t\t\t<\/div>\n\t\t<\/section>\n\t\t\t\t<section class=\"elementor-section elementor-top-section elementor-element elementor-element-1363ae8 elementor-section-boxed elementor-section-height-default elementor-section-height-default\" data-id=\"1363ae8\" data-element_type=\"section\">\n\t\t\t\t\t\t<div class=\"elementor-container elementor-column-gap-default\">\n\t\t\t\t\t\t\t<div class=\"elementor-row\">\n\t\t\t\t\t<div class=\"elementor-column elementor-col-100 elementor-top-column elementor-element elementor-element-f1fc9b5\" data-id=\"f1fc9b5\" data-element_type=\"column\">\n\t\t\t<div class=\"elementor-column-wrap elementor-element-populated\">\n\t\t\t\t\t\t\t<div class=\"elementor-widget-wrap\">\n\t\t\t\t\t\t<div class=\"elementor-element elementor-element-90c5d17 elementor-widget elementor-widget-heading\" data-id=\"90c5d17\" data-element_type=\"widget\" data-widget_type=\"heading.default\">\n\t\t\t\t<div class=\"elementor-widget-container\">\n\t\t\t<h2 class=\"elementor-heading-title elementor-size-default\">An wen richtet sich DigEqual?<\/h2>\t\t<\/div>\n\t\t\t\t<\/div>\n\t\t\t\t<section class=\"elementor-section elementor-inner-section elementor-element elementor-element-8109aa4 elementor-section-boxed elementor-section-height-default elementor-section-height-default\" data-id=\"8109aa4\" data-element_type=\"section\">\n\t\t\t\t\t\t<div class=\"elementor-container elementor-column-gap-default\">\n\t\t\t\t\t\t\t<div class=\"elementor-row\">\n\t\t\t\t\t<div class=\"elementor-column elementor-col-50 elementor-inner-column elementor-element elementor-element-215dd05\" data-id=\"215dd05\" data-element_type=\"column\">\n\t\t\t<div class=\"elementor-column-wrap elementor-element-populated\">\n\t\t\t\t\t\t\t<div class=\"elementor-widget-wrap\">\n\t\t\t\t\t\t<div class=\"elementor-element elementor-element-f41671f elementor-icon-list--layout-traditional elementor-list-item-link-full_width elementor-widget elementor-widget-icon-list\" data-id=\"f41671f\" data-element_type=\"widget\" data-widget_type=\"icon-list.default\">\n\t\t\t\t<div class=\"elementor-widget-container\">\n\t\t\t\t\t<ul class=\"elementor-icon-list-items\">\n\t\t\t\t\t\t\t<li class=\"elementor-icon-list-item\">\n\t\t\t\t\t\t\t\t\t\t\t<span class=\"elementor-icon-list-icon\">\n\t\t\t\t\t\t\t<i aria-hidden=\"true\" class=\"fas fa-check\"><\/i>\t\t\t\t\t\t<\/span>\n\t\t\t\t\t\t\t\t\t\t<span class=\"elementor-icon-list-text\">Erwachsenenbildner mit wenig Wissen \u00fcber E-Government-Dienste<\/span>\n\t\t\t\t\t\t\t\t\t<\/li>\n\t\t\t\t\t\t\t\t<li class=\"elementor-icon-list-item\">\n\t\t\t\t\t\t\t\t\t\t\t<span class=\"elementor-icon-list-icon\">\n\t\t\t\t\t\t\t<i aria-hidden=\"true\" class=\"fas fa-check\"><\/i>\t\t\t\t\t\t<\/span>\n\t\t\t\t\t\t\t\t\t\t<span class=\"elementor-icon-list-text\">Erwachsene, die unter digitaler Ausgrenzung leiden<\/span>\n\t\t\t\t\t\t\t\t\t<\/li>\n\t\t\t\t\t\t\t\t<li class=\"elementor-icon-list-item\">\n\t\t\t\t\t\t\t\t\t\t\t<span class=\"elementor-icon-list-icon\">\n\t\t\t\t\t\t\t<i aria-hidden=\"true\" class=\"fas fa-check\"><\/i>\t\t\t\t\t\t<\/span>\n\t\t\t\t\t\t\t\t\t\t<span class=\"elementor-icon-list-text\">Erwachsene mit schwierigem sozio\u00f6konomischem Hintergrund (wenig sozialen Kontakt, Alleinerziehende, Geringverdienende)<\/span>\n\t\t\t\t\t\t\t\t\t<\/li>\n\t\t\t\t\t\t\t\t<li class=\"elementor-icon-list-item\">\n\t\t\t\t\t\t\t\t\t\t\t<span class=\"elementor-icon-list-icon\">\n\t\t\t\t\t\t\t<i aria-hidden=\"true\" class=\"fas fa-check\"><\/i>\t\t\t\t\t\t<\/span>\n\t\t\t\t\t\t\t\t\t\t<span class=\"elementor-icon-list-text\">Bildungspersonal von Partnerorganisationen, das in der Erwachsenenbildung t\u00e4tig ist<\/span>\n\t\t\t\t\t\t\t\t\t<\/li>\n\t\t\t\t\t\t<\/ul>\n\t\t\t\t<\/div>\n\t\t\t\t<\/div>\n\t\t\t\t\t\t<\/div>\n\t\t\t\t\t<\/div>\n\t\t<\/div>\n\t\t\t\t<div class=\"elementor-column elementor-col-50 elementor-inner-column elementor-element elementor-element-f8916dd\" data-id=\"f8916dd\" data-element_type=\"column\">\n\t\t\t<div class=\"elementor-column-wrap elementor-element-populated\">\n\t\t\t\t\t\t\t<div class=\"elementor-widget-wrap\">\n\t\t\t\t\t\t<div class=\"elementor-element elementor-element-9dd0a44 elementor-icon-list--layout-traditional elementor-list-item-link-full_width elementor-widget elementor-widget-icon-list\" data-id=\"9dd0a44\" data-element_type=\"widget\" data-widget_type=\"icon-list.default\">\n\t\t\t\t<div class=\"elementor-widget-container\">\n\t\t\t\t\t<ul class=\"elementor-icon-list-items\">\n\t\t\t\t\t\t\t<li class=\"elementor-icon-list-item\">\n\t\t\t\t\t\t\t\t\t\t\t<span class=\"elementor-icon-list-icon\">\n\t\t\t\t\t\t\t<i aria-hidden=\"true\" class=\"fas fa-check\"><\/i>\t\t\t\t\t\t<\/span>\n\t\t\t\t\t\t\t\t\t\t<span class=\"elementor-icon-list-text\">Bildungszentren und andere Organisationen, die im Bereich der Unterst\u00fctzung von Erwachsenen t\u00e4tig sind<\/span>\n\t\t\t\t\t\t\t\t\t<\/li>\n\t\t\t\t\t\t\t\t<li class=\"elementor-icon-list-item\">\n\t\t\t\t\t\t\t\t\t\t\t<span class=\"elementor-icon-list-icon\">\n\t\t\t\t\t\t\t<i aria-hidden=\"true\" class=\"fas fa-check\"><\/i>\t\t\t\t\t\t<\/span>\n\t\t\t\t\t\t\t\t\t\t<span class=\"elementor-icon-list-text\">Zielgruppen und Mitarbeiter der assoziierten Partner<\/span>\n\t\t\t\t\t\t\t\t\t<\/li>\n\t\t\t\t\t\t\t\t<li class=\"elementor-icon-list-item\">\n\t\t\t\t\t\t\t\t\t\t\t<span class=\"elementor-icon-list-icon\">\n\t\t\t\t\t\t\t<i aria-hidden=\"true\" class=\"fas fa-check\"><\/i>\t\t\t\t\t\t<\/span>\n\t\t\t\t\t\t\t\t\t\t<span class=\"elementor-icon-list-text\">politische Entscheidungstr\u00e4ger im Bereich des lebenslangen Lernens und des permanenten Lernens (z. B. Sozial\u00e4mter von Gemeinden, regionale Einrichtungen, die sich mit sozialer Eingliederung befassen)<\/span>\n\t\t\t\t\t\t\t\t\t<\/li>\n\t\t\t\t\t\t\t\t<li class=\"elementor-icon-list-item\">\n\t\t\t\t\t\t\t\t\t\t\t<span class=\"elementor-icon-list-icon\">\n\t\t\t\t\t\t\t<i aria-hidden=\"true\" class=\"fas fa-check\"><\/i>\t\t\t\t\t\t<\/span>\n\t\t\t\t\t\t\t\t\t\t<span class=\"elementor-icon-list-text\">andere Organisationen, die Erwachsene vertreten (Gewerkschaften, Vereine usw.)<\/span>\n\t\t\t\t\t\t\t\t\t<\/li>\n\t\t\t\t\t\t<\/ul>\n\t\t\t\t<\/div>\n\t\t\t\t<\/div>\n\t\t\t\t\t\t<\/div>\n\t\t\t\t\t<\/div>\n\t\t<\/div>\n\t\t\t\t\t\t\t\t<\/div>\n\t\t\t\t\t<\/div>\n\t\t<\/section>\n\t\t\t\t\t\t<\/div>\n\t\t\t\t\t<\/div>\n\t\t<\/div>\n\t\t\t\t\t\t\t\t<\/div>\n\t\t\t\t\t<\/div>\n\t\t<\/section>\n\t\t\t\t<section class=\"elementor-section elementor-top-section elementor-element elementor-element-d1a32eb elementor-section-boxed elementor-section-height-default elementor-section-height-default\" data-id=\"d1a32eb\" data-element_type=\"section\">\n\t\t\t\t\t\t<div class=\"elementor-container elementor-column-gap-default\">\n\t\t\t\t\t\t\t<div class=\"elementor-row\">\n\t\t\t\t\t<div class=\"elementor-column elementor-col-100 elementor-top-column elementor-element elementor-element-6c279df\" data-id=\"6c279df\" data-element_type=\"column\">\n\t\t\t<div class=\"elementor-column-wrap elementor-element-populated\">\n\t\t\t\t\t\t\t<div class=\"elementor-widget-wrap\">\n\t\t\t\t\t\t<div class=\"elementor-element elementor-element-9656b57 elementor-widget elementor-widget-spacer\" data-id=\"9656b57\" data-element_type=\"widget\" data-widget_type=\"spacer.default\">\n\t\t\t\t<div class=\"elementor-widget-container\">\n\t\t\t\t\t<div class=\"elementor-spacer\">\n\t\t\t<div class=\"elementor-spacer-inner\"><\/div>\n\t\t<\/div>\n\t\t\t\t<\/div>\n\t\t\t\t<\/div>\n\t\t\t\t\t\t<\/div>\n\t\t\t\t\t<\/div>\n\t\t<\/div>\n\t\t\t\t\t\t\t\t<\/div>\n\t\t\t\t\t<\/div>\n\t\t<\/section>\n\t\t\t\t\t\t\t\t\t<\/div>\n\t\t\t<\/div>\n\t\t\t\t\t<\/div>\n\t\t","protected":false},"excerpt":{"rendered":"<p>\u00dcber Die Einf\u00fchrung digitaler Technologien bei Beh\u00f6rden und anderen Diensten hat die Art und Weise, wie Erwachsene in Europa online interagieren, erheblich ver\u00e4ndert. E-Government meint die Bereitstellung von Dienstleistungen der Verwaltung, die online (also \u00fcber das Internet) bereitgestellt wird. Dig-Equal ist ein europ\u00e4isches Projekt, das sich darauf konzentriert, den Zugang zu Online-Diensten und E-Government f\u00fcr [&hellip;]<\/p>\n","protected":false},"author":7,"featured_media":0,"parent":0,"menu_order":0,"comment_status":"closed","ping_status":"closed","template":"","meta":[],"_links":{"self":[{"href":"https:\/\/www.digequal.com\/de\/wp-json\/wp\/v2\/pages\/1195"}],"collection":[{"href":"https:\/\/www.digequal.com\/de\/wp-json\/wp\/v2\/pages"}],"about":[{"href":"https:\/\/www.digequal.com\/de\/wp-json\/wp\/v2\/types\/page"}],"author":[{"embeddable":true,"href":"https:\/\/www.digequal.com\/de\/wp-json\/wp\/v2\/users\/7"}],"replies":[{"embeddable":true,"href":"https:\/\/www.digequal.com\/de\/wp-json\/wp\/v2\/comments?post=1195"}],"version-history":[{"count":4,"href":"https:\/\/www.digequal.com\/de\/wp-json\/wp\/v2\/pages\/1195\/revisions"}],"predecessor-version":[{"id":1374,"href":"https:\/\/www.digequal.com\/de\/wp-json\/wp\/v2\/pages\/1195\/revisions\/1374"}],"wp:attachment":[{"href":"https:\/\/www.digequal.com\/de\/wp-json\/wp\/v2\/media?parent=1195"}],"curies":[{"name":"wp","href":"https:\/\/api.w.org\/{rel}","templated":true}]}}