{"id":1280,"date":"2022-11-14T14:22:28","date_gmt":"2022-11-14T14:22:28","guid":{"rendered":"https:\/\/www.digequal.com\/sobre\/"},"modified":"2022-11-15T10:29:14","modified_gmt":"2022-11-15T10:29:14","slug":"sobre","status":"publish","type":"page","link":"https:\/\/www.digequal.com\/es\/sobre\/","title":{"rendered":"Sobre"},"content":{"rendered":"\t\t<div data-elementor-type=\"wp-page\" data-elementor-id=\"1280\" class=\"elementor elementor-1280 elementor-347\" data-elementor-post-type=\"page\">\n\t\t\t\t\t\t<div class=\"elementor-inner\">\n\t\t\t\t<div class=\"elementor-section-wrap\">\n\t\t\t\t\t\t\t\t\t<section class=\"elementor-section elementor-top-section elementor-element elementor-element-b395370 elementor-section-boxed elementor-section-height-default elementor-section-height-default\" data-id=\"b395370\" data-element_type=\"section\">\n\t\t\t\t\t\t<div class=\"elementor-container elementor-column-gap-default\">\n\t\t\t\t\t\t\t<div class=\"elementor-row\">\n\t\t\t\t\t<div class=\"elementor-column elementor-col-100 elementor-top-column elementor-element elementor-element-6517af9\" data-id=\"6517af9\" data-element_type=\"column\">\n\t\t\t<div class=\"elementor-column-wrap elementor-element-populated\">\n\t\t\t\t\t\t\t<div class=\"elementor-widget-wrap\">\n\t\t\t\t\t\t<div class=\"elementor-element elementor-element-48ac786 elementor-widget elementor-widget-spacer\" data-id=\"48ac786\" data-element_type=\"widget\" data-widget_type=\"spacer.default\">\n\t\t\t\t<div class=\"elementor-widget-container\">\n\t\t\t\t\t<div class=\"elementor-spacer\">\n\t\t\t<div class=\"elementor-spacer-inner\"><\/div>\n\t\t<\/div>\n\t\t\t\t<\/div>\n\t\t\t\t<\/div>\n\t\t\t\t\t\t<\/div>\n\t\t\t\t\t<\/div>\n\t\t<\/div>\n\t\t\t\t\t\t\t\t<\/div>\n\t\t\t\t\t<\/div>\n\t\t<\/section>\n\t\t\t\t<section class=\"elementor-section elementor-top-section elementor-element elementor-element-2d79461 elementor-section-boxed elementor-section-height-default elementor-section-height-default\" data-id=\"2d79461\" data-element_type=\"section\">\n\t\t\t\t\t\t<div class=\"elementor-container elementor-column-gap-default\">\n\t\t\t\t\t\t\t<div class=\"elementor-row\">\n\t\t\t\t\t<div class=\"elementor-column elementor-col-50 elementor-top-column elementor-element elementor-element-b0d5e49\" data-id=\"b0d5e49\" data-element_type=\"column\">\n\t\t\t<div class=\"elementor-column-wrap elementor-element-populated\">\n\t\t\t\t\t\t\t<div class=\"elementor-widget-wrap\">\n\t\t\t\t\t\t<div class=\"elementor-element elementor-element-a05f101 elementor-widget elementor-widget-tp-unfold\" data-id=\"a05f101\" data-element_type=\"widget\" data-widget_type=\"tp-unfold.default\">\n\t\t\t\t<div class=\"elementor-widget-container\">\n\t\t\t<div class=\"tp-unfold-wrapper plus69d373d444dcd tp-ca-center \" data-id=\"plus69d373d444dcd\"  data-content_a_source=\"content\" data-con_pos=\"default\" data-icon-position=\"tp_ic_pos_before\" data-readmore=\"sigue leyendo\" data-readless=\"Leer menos\" data-readmore-icon=\"&lt;i aria-hidden=&quot;true&quot; class=&quot;fas fa-book-open&quot;&gt;&lt;\/i&gt;\" data-readless-icon=\"&lt;i aria-hidden=&quot;true&quot; class=&quot;fas fa-book&quot;&gt;&lt;\/i&gt;\"  data-transition-duration=\"200\" data-content-max-height=\"175\" data-content-max-height-t=\"100\" data-content-max-height-m=\"100\"  ><div class=\"tp-unfold-title\">Sobre<\/div><div class=\"tp-unfold-description\" ><div class=\"tp-unfold-description-inner\"><p>La introducci\u00f3n de las tecnolog\u00edas digitales en la administraci\u00f3n y otros servicios ha transformado significativamente la forma en que los adultos europeos interact\u00faan en l\u00ednea.<\/p>\n<p>La administraci\u00f3n electr\u00f3nica es simplemente la administraci\u00f3n que se presta a trav\u00e9s de Internet y otros medios digitales. Dig-Equal es un proyecto europeo que se centra en simplificar el acceso a los servicios en l\u00ednea y a la administraci\u00f3n electr\u00f3nica para todos. Queremos ayudar a los ciudadanos europeos a entender c\u00f3mo utilizar mejor los servicios de la administraci\u00f3n electr\u00f3nica y reflexionar sobre las situaciones cotidianas en las que los servicios digitales pueden marcar realmente la diferencia.<\/p>\n<p>El uso de los servicios en l\u00ednea y los servicios p\u00fablicos en Internet est\u00e1 lejos de ser una realidad en Europa, sobre todo entre los adultos y los educadores que no tienen confianza digital. Queremos llenar el vac\u00edo entre gobiernos y ciudadanos y desarrollar herramientas y m\u00e9todos innovadores para mejorar la interacci\u00f3n entre ambos.<\/p>\n<p>El proyecto Dig-Equal pretende crear un puente entre los adultos que sufren la exclusi\u00f3n digital y los servicios de la administraci\u00f3n electr\u00f3nica, al tiempo que trabaja en las habilidades y competencias de los educadores de adultos.<\/p>\n<\/div><\/div><div class=\"tp-unfold-last-toggle center\"><button class=\"tp-unfold-toggle \"><i aria-hidden=\"true\" class=\"fas fa-book-open\"><\/i> sigue leyendo <\/button><\/div><\/div>\t\t<\/div>\n\t\t\t\t<\/div>\n\t\t\t\t\t\t<\/div>\n\t\t\t\t\t<\/div>\n\t\t<\/div>\n\t\t\t\t<div class=\"elementor-column elementor-col-50 elementor-top-column elementor-element elementor-element-011f39a\" data-id=\"011f39a\" data-element_type=\"column\">\n\t\t\t<div class=\"elementor-column-wrap elementor-element-populated\">\n\t\t\t\t\t\t\t<div class=\"elementor-widget-wrap\">\n\t\t\t\t\t\t<div class=\"elementor-element elementor-element-97379d2 elementor-widget elementor-widget-image\" data-id=\"97379d2\" data-element_type=\"widget\" data-widget_type=\"image.default\">\n\t\t\t\t<div class=\"elementor-widget-container\">\n\t\t\t\t\t\t\t\t<div class=\"elementor-image\">\n\t\t\t\t\t\t\t\t\t\t\t\t<img width=\"634\" height=\"414\" src=\"https:\/\/www.digequal.com\/wp-content\/uploads\/2022\/06\/DigEgual_hero_02.svg\" class=\"attachment-full size-full wp-image-930\" alt=\"\" loading=\"lazy\" \/>\t\t\t\t\t\t\t\t\t\t\t\t\t\t<\/div>\n\t\t\t\t\t\t<\/div>\n\t\t\t\t<\/div>\n\t\t\t\t\t\t<\/div>\n\t\t\t\t\t<\/div>\n\t\t<\/div>\n\t\t\t\t\t\t\t\t<\/div>\n\t\t\t\t\t<\/div>\n\t\t<\/section>\n\t\t\t\t<section class=\"elementor-section elementor-top-section elementor-element elementor-element-0a51c97 elementor-section-boxed elementor-section-height-default elementor-section-height-default\" data-id=\"0a51c97\" data-element_type=\"section\">\n\t\t\t\t\t\t<div class=\"elementor-container elementor-column-gap-default\">\n\t\t\t\t\t\t\t<div class=\"elementor-row\">\n\t\t\t\t\t<div class=\"elementor-column elementor-col-100 elementor-top-column elementor-element elementor-element-7e5db99\" data-id=\"7e5db99\" data-element_type=\"column\">\n\t\t\t<div class=\"elementor-column-wrap elementor-element-populated\">\n\t\t\t\t\t\t\t<div class=\"elementor-widget-wrap\">\n\t\t\t\t\t\t<div class=\"elementor-element elementor-element-4df3098 elementor-widget elementor-widget-spacer\" data-id=\"4df3098\" data-element_type=\"widget\" data-widget_type=\"spacer.default\">\n\t\t\t\t<div class=\"elementor-widget-container\">\n\t\t\t\t\t<div class=\"elementor-spacer\">\n\t\t\t<div class=\"elementor-spacer-inner\"><\/div>\n\t\t<\/div>\n\t\t\t\t<\/div>\n\t\t\t\t<\/div>\n\t\t\t\t<div class=\"elementor-element elementor-element-cdeaa21 elementor-widget elementor-widget-text-editor\" data-id=\"cdeaa21\" data-element_type=\"widget\" data-widget_type=\"text-editor.default\">\n\t\t\t\t<div class=\"elementor-widget-container\">\n\t\t\t\t\t\t\t\t<div class=\"elementor-text-editor elementor-clearfix\">\n\t\t\t\t<p><strong>Dig-Equal es un proyecto europeo que quiere<\/strong><\/p>\n<ol>\n<li>Definir las principales habilidades y expectativas sobre los principales factores de adopci\u00f3n de la interacci\u00f3n con la administraci\u00f3n electr\u00f3nica por parte de los adultos para ejercer plenamente sus derechos como ciudadanos.<\/li>\n<li>Desarrollar soluciones innovadoras para los centros educativos que trabajan con adultos.<\/li>\n<li>Mejorar las habilidades y competencias de los educadores de adultos y de los adultos poco cualificados mediante la aplicaci\u00f3n de un curso de formaci\u00f3n sobre diferentes aspectos de la administraci\u00f3n electr\u00f3nica.<\/li>\n<li>Desarrollo de una &#8220;aplicaci\u00f3n web interactiva basada en la b\u00fasqueda&#8221; que seguir\u00e1 un enfoque de juego, y ser\u00e1 utilizada no s\u00f3lo por los educadores como una herramienta educativa, sino tambi\u00e9n como una herramienta de autoaprendizaje, particularmente \u00fatil para los grupos desempoderados y culturalmente diversos.<\/li>\n<\/ol>\n\t\t\t\t\t<\/div>\n\t\t\t\t\t\t<\/div>\n\t\t\t\t<\/div>\n\t\t\t\t<div class=\"elementor-element elementor-element-142ab2d elementor-widget elementor-widget-spacer\" data-id=\"142ab2d\" data-element_type=\"widget\" data-widget_type=\"spacer.default\">\n\t\t\t\t<div class=\"elementor-widget-container\">\n\t\t\t\t\t<div class=\"elementor-spacer\">\n\t\t\t<div class=\"elementor-spacer-inner\"><\/div>\n\t\t<\/div>\n\t\t\t\t<\/div>\n\t\t\t\t<\/div>\n\t\t\t\t<div class=\"elementor-element elementor-element-8d4a966 why elementor-position-top elementor-vertical-align-top elementor-widget elementor-widget-image-box\" data-id=\"8d4a966\" data-element_type=\"widget\" id=\"why\" data-widget_type=\"image-box.default\">\n\t\t\t\t<div class=\"elementor-widget-container\">\n\t\t\t<div class=\"elementor-image-box-wrapper\"><figure class=\"elementor-image-box-img\"><img width=\"768\" height=\"506\" src=\"https:\/\/www.digequal.com\/wp-content\/uploads\/2022\/06\/people-pc.svg\" class=\"attachment-medium_large size-medium_large wp-image-986\" alt=\"\" loading=\"lazy\" \/><\/figure><div class=\"elementor-image-box-content\"><h3 class=\"elementor-image-box-title\">\u00bfPor qu\u00e9?<\/h3><p class=\"elementor-image-box-description\">Los beneficios del uso de los servicios de administraci\u00f3n electr\u00f3nica en la vida de los adultos son innegables y abundantes. Al mismo tiempo, se observa que los centros de adultos no tienen estrategias espec\u00edficas para abordar los efectos de la segunda y tercera brecha digital, por lo que no est\u00e1n preparados para la transformaci\u00f3n digital que se est\u00e1 produciendo en la UE.<\/p><\/div><\/div>\t\t<\/div>\n\t\t\t\t<\/div>\n\t\t\t\t<div class=\"elementor-element elementor-element-3eca01d elementor-widget elementor-widget-spacer\" data-id=\"3eca01d\" data-element_type=\"widget\" data-widget_type=\"spacer.default\">\n\t\t\t\t<div class=\"elementor-widget-container\">\n\t\t\t\t\t<div class=\"elementor-spacer\">\n\t\t\t<div class=\"elementor-spacer-inner\"><\/div>\n\t\t<\/div>\n\t\t\t\t<\/div>\n\t\t\t\t<\/div>\n\t\t\t\t<div class=\"elementor-element elementor-element-d3ac60c elementor-position-top elementor-vertical-align-top elementor-widget elementor-widget-image-box\" data-id=\"d3ac60c\" data-element_type=\"widget\" data-widget_type=\"image-box.default\">\n\t\t\t\t<div class=\"elementor-widget-container\">\n\t\t\t<div class=\"elementor-image-box-wrapper\"><figure class=\"elementor-image-box-img\"><img width=\"1000\" height=\"659\" src=\"https:\/\/www.digequal.com\/wp-content\/uploads\/2022\/06\/girl.svg\" class=\"attachment-full size-full wp-image-990\" alt=\"\" loading=\"lazy\" \/><\/figure><div class=\"elementor-image-box-content\"><h3 class=\"elementor-image-box-title\">\u00bfC\u00f3mo?<\/h3><p class=\"elementor-image-box-description\">Dig-Equal tiene como objetivo desarrollar herramientas y pr\u00e1cticas pedag\u00f3gicas para ser utilizadas por los centros de educaci\u00f3n de adultos, como una forma de crear un puente entre los adultos excluidos digitalmente y los servicios de e-gobierno.<\/p><\/div><\/div>\t\t<\/div>\n\t\t\t\t<\/div>\n\t\t\t\t\t\t<\/div>\n\t\t\t\t\t<\/div>\n\t\t<\/div>\n\t\t\t\t\t\t\t\t<\/div>\n\t\t\t\t\t<\/div>\n\t\t<\/section>\n\t\t\t\t<section class=\"elementor-section elementor-top-section elementor-element elementor-element-f017d0b elementor-section-boxed elementor-section-height-default elementor-section-height-default\" data-id=\"f017d0b\" data-element_type=\"section\">\n\t\t\t\t\t\t<div class=\"elementor-container elementor-column-gap-default\">\n\t\t\t\t\t\t\t<div class=\"elementor-row\">\n\t\t\t\t\t<div class=\"elementor-column elementor-col-100 elementor-top-column elementor-element elementor-element-e0e9e5b\" data-id=\"e0e9e5b\" data-element_type=\"column\">\n\t\t\t<div class=\"elementor-column-wrap elementor-element-populated\">\n\t\t\t\t\t\t\t<div class=\"elementor-widget-wrap\">\n\t\t\t\t\t\t<div class=\"elementor-element elementor-element-46289ab elementor-widget elementor-widget-spacer\" data-id=\"46289ab\" data-element_type=\"widget\" data-widget_type=\"spacer.default\">\n\t\t\t\t<div class=\"elementor-widget-container\">\n\t\t\t\t\t<div class=\"elementor-spacer\">\n\t\t\t<div class=\"elementor-spacer-inner\"><\/div>\n\t\t<\/div>\n\t\t\t\t<\/div>\n\t\t\t\t<\/div>\n\t\t\t\t\t\t<\/div>\n\t\t\t\t\t<\/div>\n\t\t<\/div>\n\t\t\t\t\t\t\t\t<\/div>\n\t\t\t\t\t<\/div>\n\t\t<\/section>\n\t\t\t\t<section class=\"elementor-section elementor-top-section elementor-element elementor-element-1363ae8 elementor-section-boxed elementor-section-height-default elementor-section-height-default\" data-id=\"1363ae8\" data-element_type=\"section\">\n\t\t\t\t\t\t<div class=\"elementor-container elementor-column-gap-default\">\n\t\t\t\t\t\t\t<div class=\"elementor-row\">\n\t\t\t\t\t<div class=\"elementor-column elementor-col-100 elementor-top-column elementor-element elementor-element-f1fc9b5\" data-id=\"f1fc9b5\" data-element_type=\"column\">\n\t\t\t<div class=\"elementor-column-wrap elementor-element-populated\">\n\t\t\t\t\t\t\t<div class=\"elementor-widget-wrap\">\n\t\t\t\t\t\t<div class=\"elementor-element elementor-element-90c5d17 elementor-widget elementor-widget-heading\" data-id=\"90c5d17\" data-element_type=\"widget\" data-widget_type=\"heading.default\">\n\t\t\t\t<div class=\"elementor-widget-container\">\n\t\t\t<h2 class=\"elementor-heading-title elementor-size-default\">\u00bfPara qui\u00e9n es DigEqual?<\/h2>\t\t<\/div>\n\t\t\t\t<\/div>\n\t\t\t\t<section class=\"elementor-section elementor-inner-section elementor-element elementor-element-8109aa4 elementor-section-boxed elementor-section-height-default elementor-section-height-default\" data-id=\"8109aa4\" data-element_type=\"section\">\n\t\t\t\t\t\t<div class=\"elementor-container elementor-column-gap-default\">\n\t\t\t\t\t\t\t<div class=\"elementor-row\">\n\t\t\t\t\t<div class=\"elementor-column elementor-col-50 elementor-inner-column elementor-element elementor-element-215dd05\" data-id=\"215dd05\" data-element_type=\"column\">\n\t\t\t<div class=\"elementor-column-wrap elementor-element-populated\">\n\t\t\t\t\t\t\t<div class=\"elementor-widget-wrap\">\n\t\t\t\t\t\t<div class=\"elementor-element elementor-element-f41671f elementor-icon-list--layout-traditional elementor-list-item-link-full_width elementor-widget elementor-widget-icon-list\" data-id=\"f41671f\" data-element_type=\"widget\" data-widget_type=\"icon-list.default\">\n\t\t\t\t<div class=\"elementor-widget-container\">\n\t\t\t\t\t<ul class=\"elementor-icon-list-items\">\n\t\t\t\t\t\t\t<li class=\"elementor-icon-list-item\">\n\t\t\t\t\t\t\t\t\t\t\t<span class=\"elementor-icon-list-icon\">\n\t\t\t\t\t\t\t<i aria-hidden=\"true\" class=\"fas fa-check\"><\/i>\t\t\t\t\t\t<\/span>\n\t\t\t\t\t\t\t\t\t\t<span class=\"elementor-icon-list-text\">educadores de adultos con pocos conocimientos sobre los servicios de administraci\u00f3n electr\u00f3nica<\/span>\n\t\t\t\t\t\t\t\t\t<\/li>\n\t\t\t\t\t\t\t\t<li class=\"elementor-icon-list-item\">\n\t\t\t\t\t\t\t\t\t\t\t<span class=\"elementor-icon-list-icon\">\n\t\t\t\t\t\t\t<i aria-hidden=\"true\" class=\"fas fa-check\"><\/i>\t\t\t\t\t\t<\/span>\n\t\t\t\t\t\t\t\t\t\t<span class=\"elementor-icon-list-text\">adultos que participan en nuestras actividades o que sufren de exclusi\u00f3n digital<\/span>\n\t\t\t\t\t\t\t\t\t<\/li>\n\t\t\t\t\t\t\t\t<li class=\"elementor-icon-list-item\">\n\t\t\t\t\t\t\t\t\t\t\t<span class=\"elementor-icon-list-icon\">\n\t\t\t\t\t\t\t<i aria-hidden=\"true\" class=\"fas fa-check\"><\/i>\t\t\t\t\t\t<\/span>\n\t\t\t\t\t\t\t\t\t\t<span class=\"elementor-icon-list-text\">adultos con antecedentes socioecon\u00f3micos dif\u00edciles (soledad, mujeres, salarios bajos)<\/span>\n\t\t\t\t\t\t\t\t\t<\/li>\n\t\t\t\t\t\t\t\t<li class=\"elementor-icon-list-item\">\n\t\t\t\t\t\t\t\t\t\t\t<span class=\"elementor-icon-list-icon\">\n\t\t\t\t\t\t\t<i aria-hidden=\"true\" class=\"fas fa-check\"><\/i>\t\t\t\t\t\t<\/span>\n\t\t\t\t\t\t\t\t\t\t<span class=\"elementor-icon-list-text\">Personal educativo de organizaciones asociadas que trabajan en la formaci\u00f3n\/inclusi\u00f3n de adultos<\/span>\n\t\t\t\t\t\t\t\t\t<\/li>\n\t\t\t\t\t\t<\/ul>\n\t\t\t\t<\/div>\n\t\t\t\t<\/div>\n\t\t\t\t\t\t<\/div>\n\t\t\t\t\t<\/div>\n\t\t<\/div>\n\t\t\t\t<div class=\"elementor-column elementor-col-50 elementor-inner-column elementor-element elementor-element-f8916dd\" data-id=\"f8916dd\" data-element_type=\"column\">\n\t\t\t<div class=\"elementor-column-wrap elementor-element-populated\">\n\t\t\t\t\t\t\t<div class=\"elementor-widget-wrap\">\n\t\t\t\t\t\t<div class=\"elementor-element elementor-element-9dd0a44 elementor-icon-list--layout-traditional elementor-list-item-link-full_width elementor-widget elementor-widget-icon-list\" data-id=\"9dd0a44\" data-element_type=\"widget\" data-widget_type=\"icon-list.default\">\n\t\t\t\t<div class=\"elementor-widget-container\">\n\t\t\t\t\t<ul class=\"elementor-icon-list-items\">\n\t\t\t\t\t\t\t<li class=\"elementor-icon-list-item\">\n\t\t\t\t\t\t\t\t\t\t\t<span class=\"elementor-icon-list-icon\">\n\t\t\t\t\t\t\t<i aria-hidden=\"true\" class=\"fas fa-check\"><\/i>\t\t\t\t\t\t<\/span>\n\t\t\t\t\t\t\t\t\t\t<span class=\"elementor-icon-list-text\">centros educativos y otras organizaciones que trabajan en el \u00e1mbito del apoyo a los adultos y de la participaci\u00f3n de los mismos<\/span>\n\t\t\t\t\t\t\t\t\t<\/li>\n\t\t\t\t\t\t\t\t<li class=\"elementor-icon-list-item\">\n\t\t\t\t\t\t\t\t\t\t\t<span class=\"elementor-icon-list-icon\">\n\t\t\t\t\t\t\t<i aria-hidden=\"true\" class=\"fas fa-check\"><\/i>\t\t\t\t\t\t<\/span>\n\t\t\t\t\t\t\t\t\t\t<span class=\"elementor-icon-list-text\">grupo objetivo y personal de los socios asociados<\/span>\n\t\t\t\t\t\t\t\t\t<\/li>\n\t\t\t\t\t\t\t\t<li class=\"elementor-icon-list-item\">\n\t\t\t\t\t\t\t\t\t\t\t<span class=\"elementor-icon-list-icon\">\n\t\t\t\t\t\t\t<i aria-hidden=\"true\" class=\"fas fa-check\"><\/i>\t\t\t\t\t\t<\/span>\n\t\t\t\t\t\t\t\t\t\t<span class=\"elementor-icon-list-text\">responsables pol\u00edticos en el \u00e1mbito del aprendizaje a lo largo de la vida y el aprendizaje permanente<\/span>\n\t\t\t\t\t\t\t\t\t<\/li>\n\t\t\t\t\t\t\t\t<li class=\"elementor-icon-list-item\">\n\t\t\t\t\t\t\t\t\t\t\t<span class=\"elementor-icon-list-icon\">\n\t\t\t\t\t\t\t<i aria-hidden=\"true\" class=\"fas fa-check\"><\/i>\t\t\t\t\t\t<\/span>\n\t\t\t\t\t\t\t\t\t\t<span class=\"elementor-icon-list-text\">otras organizaciones de segundo nivel que representan a los adultos <\/span>\n\t\t\t\t\t\t\t\t\t<\/li>\n\t\t\t\t\t\t<\/ul>\n\t\t\t\t<\/div>\n\t\t\t\t<\/div>\n\t\t\t\t\t\t<\/div>\n\t\t\t\t\t<\/div>\n\t\t<\/div>\n\t\t\t\t\t\t\t\t<\/div>\n\t\t\t\t\t<\/div>\n\t\t<\/section>\n\t\t\t\t\t\t<\/div>\n\t\t\t\t\t<\/div>\n\t\t<\/div>\n\t\t\t\t\t\t\t\t<\/div>\n\t\t\t\t\t<\/div>\n\t\t<\/section>\n\t\t\t\t<section class=\"elementor-section elementor-top-section elementor-element elementor-element-d1a32eb elementor-section-boxed elementor-section-height-default elementor-section-height-default\" data-id=\"d1a32eb\" data-element_type=\"section\">\n\t\t\t\t\t\t<div class=\"elementor-container elementor-column-gap-default\">\n\t\t\t\t\t\t\t<div class=\"elementor-row\">\n\t\t\t\t\t<div class=\"elementor-column elementor-col-100 elementor-top-column elementor-element elementor-element-6c279df\" data-id=\"6c279df\" data-element_type=\"column\">\n\t\t\t<div class=\"elementor-column-wrap elementor-element-populated\">\n\t\t\t\t\t\t\t<div class=\"elementor-widget-wrap\">\n\t\t\t\t\t\t<div class=\"elementor-element elementor-element-9656b57 elementor-widget elementor-widget-spacer\" data-id=\"9656b57\" data-element_type=\"widget\" data-widget_type=\"spacer.default\">\n\t\t\t\t<div class=\"elementor-widget-container\">\n\t\t\t\t\t<div class=\"elementor-spacer\">\n\t\t\t<div class=\"elementor-spacer-inner\"><\/div>\n\t\t<\/div>\n\t\t\t\t<\/div>\n\t\t\t\t<\/div>\n\t\t\t\t\t\t<\/div>\n\t\t\t\t\t<\/div>\n\t\t<\/div>\n\t\t\t\t\t\t\t\t<\/div>\n\t\t\t\t\t<\/div>\n\t\t<\/section>\n\t\t\t\t\t\t\t\t\t<\/div>\n\t\t\t<\/div>\n\t\t\t\t\t<\/div>\n\t\t","protected":false},"excerpt":{"rendered":"<p>Sobre La introducci\u00f3n de las tecnolog\u00edas digitales en la administraci\u00f3n y otros servicios ha transformado significativamente la forma en que los adultos europeos interact\u00faan en l\u00ednea. La administraci\u00f3n electr\u00f3nica es simplemente la administraci\u00f3n que se presta a trav\u00e9s de Internet y otros medios digitales. Dig-Equal es un proyecto europeo que se centra en simplificar el [&hellip;]<\/p>\n","protected":false},"author":7,"featured_media":0,"parent":0,"menu_order":0,"comment_status":"closed","ping_status":"closed","template":"","meta":[],"_links":{"self":[{"href":"https:\/\/www.digequal.com\/es\/wp-json\/wp\/v2\/pages\/1280"}],"collection":[{"href":"https:\/\/www.digequal.com\/es\/wp-json\/wp\/v2\/pages"}],"about":[{"href":"https:\/\/www.digequal.com\/es\/wp-json\/wp\/v2\/types\/page"}],"author":[{"embeddable":true,"href":"https:\/\/www.digequal.com\/es\/wp-json\/wp\/v2\/users\/7"}],"replies":[{"embeddable":true,"href":"https:\/\/www.digequal.com\/es\/wp-json\/wp\/v2\/comments?post=1280"}],"version-history":[{"count":4,"href":"https:\/\/www.digequal.com\/es\/wp-json\/wp\/v2\/pages\/1280\/revisions"}],"predecessor-version":[{"id":1389,"href":"https:\/\/www.digequal.com\/es\/wp-json\/wp\/v2\/pages\/1280\/revisions\/1389"}],"wp:attachment":[{"href":"https:\/\/www.digequal.com\/es\/wp-json\/wp\/v2\/media?parent=1280"}],"curies":[{"name":"wp","href":"https:\/\/api.w.org\/{rel}","templated":true}]}}