{"id":1255,"date":"2022-11-14T13:49:10","date_gmt":"2022-11-14T13:49:10","guid":{"rendered":"https:\/\/www.digequal.com\/sobre\/"},"modified":"2024-01-19T08:58:25","modified_gmt":"2024-01-19T08:58:25","slug":"sobre","status":"publish","type":"page","link":"https:\/\/www.digequal.com\/pt-pt\/sobre\/","title":{"rendered":"Sobre"},"content":{"rendered":"\t\t<div data-elementor-type=\"wp-page\" data-elementor-id=\"1255\" class=\"elementor elementor-1255 elementor-347\" data-elementor-post-type=\"page\">\n\t\t\t\t\t\t<div class=\"elementor-inner\">\n\t\t\t\t<div class=\"elementor-section-wrap\">\n\t\t\t\t\t\t\t\t\t<section class=\"elementor-section elementor-top-section elementor-element elementor-element-b395370 elementor-section-boxed elementor-section-height-default elementor-section-height-default\" data-id=\"b395370\" data-element_type=\"section\">\n\t\t\t\t\t\t<div class=\"elementor-container elementor-column-gap-default\">\n\t\t\t\t\t\t\t<div class=\"elementor-row\">\n\t\t\t\t\t<div class=\"elementor-column elementor-col-100 elementor-top-column elementor-element elementor-element-6517af9\" data-id=\"6517af9\" data-element_type=\"column\">\n\t\t\t<div class=\"elementor-column-wrap elementor-element-populated\">\n\t\t\t\t\t\t\t<div class=\"elementor-widget-wrap\">\n\t\t\t\t\t\t<div class=\"elementor-element elementor-element-48ac786 elementor-widget elementor-widget-spacer\" data-id=\"48ac786\" data-element_type=\"widget\" data-widget_type=\"spacer.default\">\n\t\t\t\t<div class=\"elementor-widget-container\">\n\t\t\t\t\t<div class=\"elementor-spacer\">\n\t\t\t<div class=\"elementor-spacer-inner\"><\/div>\n\t\t<\/div>\n\t\t\t\t<\/div>\n\t\t\t\t<\/div>\n\t\t\t\t\t\t<\/div>\n\t\t\t\t\t<\/div>\n\t\t<\/div>\n\t\t\t\t\t\t\t\t<\/div>\n\t\t\t\t\t<\/div>\n\t\t<\/section>\n\t\t\t\t<section class=\"elementor-section elementor-top-section elementor-element elementor-element-2d79461 elementor-section-boxed elementor-section-height-default elementor-section-height-default\" data-id=\"2d79461\" data-element_type=\"section\">\n\t\t\t\t\t\t<div class=\"elementor-container elementor-column-gap-default\">\n\t\t\t\t\t\t\t<div class=\"elementor-row\">\n\t\t\t\t\t<div class=\"elementor-column elementor-col-50 elementor-top-column elementor-element elementor-element-b0d5e49\" data-id=\"b0d5e49\" data-element_type=\"column\">\n\t\t\t<div class=\"elementor-column-wrap elementor-element-populated\">\n\t\t\t\t\t\t\t<div class=\"elementor-widget-wrap\">\n\t\t\t\t\t\t<div class=\"elementor-element elementor-element-a05f101 elementor-widget elementor-widget-tp-unfold\" data-id=\"a05f101\" data-element_type=\"widget\" data-widget_type=\"tp-unfold.default\">\n\t\t\t\t<div class=\"elementor-widget-container\">\n\t\t\t<div class=\"tp-unfold-wrapper plus69d59f02c5a5d tp-ca-center \" data-id=\"plus69d59f02c5a5d\"  data-content_a_source=\"content\" data-con_pos=\"default\" data-icon-position=\"tp_ic_pos_before\" data-readmore=\"Continuar a ler\" data-readless=\"Leia menos\" data-readmore-icon=\"&lt;i aria-hidden=&quot;true&quot; class=&quot;fas fa-book-open&quot;&gt;&lt;\/i&gt;\" data-readless-icon=\"&lt;i aria-hidden=&quot;true&quot; class=&quot;fas fa-book&quot;&gt;&lt;\/i&gt;\"  data-transition-duration=\"200\" data-content-max-height=\"175\" data-content-max-height-t=\"100\" data-content-max-height-m=\"100\"  ><div class=\"tp-unfold-title\">Sobre<\/div><div class=\"tp-unfold-description\" ><div class=\"tp-unfold-description-inner\"><p>A introdu\u00e7\u00e3o das tecnologias digitais no governo e noutros servi\u00e7os transformou significativamente a forma como os adultos na Europa interagem online.<\/p>\n<p>O Governo Eletr\u00f3nico \u00e9 simplesmente o governo entregue pela Internet e outros meios digitais. Dig-Equal \u00e9 um projeto europeu que se centra em tornar o acesso a servi\u00e7os online e ao Governo Eletr\u00f3nico mais simples para todos. Queremos ajudar os cidad\u00e3os europeus a entender como usar melhor os servi\u00e7os do Governo Eletr\u00f3nico e a refletir sobre as situa\u00e7\u00f5es quotidianas em que os servi\u00e7os digitais podem realmente fazer a diferen\u00e7a.<\/p>\n<p>A utiliza\u00e7\u00e3o de servi\u00e7os online e servi\u00e7os p\u00fablicos na Internet est\u00e1 longe de ser uma realidade na Europa, sobretudo entre os adultos e educadores que n\u00e3o t\u00eam confian\u00e7a digital. Queremos preencher a lacuna entre governos e cidad\u00e3os e desenvolver ferramentas e m\u00e9todos inovadores para melhorar a intera\u00e7\u00e3o entre eles.<\/p>\n<p>O projeto Dig-Equal visa criar uma ponte entre adultos que sofrem de exclus\u00e3o digital e servi\u00e7os de Governo Eletr\u00f3nico, ao mesmo tempo em que trabalha nas habilidades e compet\u00eancias dos educadores de adultos.<\/p>\n<\/div><\/div><div class=\"tp-unfold-last-toggle center\"><button class=\"tp-unfold-toggle \"><i aria-hidden=\"true\" class=\"fas fa-book-open\"><\/i> Continuar a ler <\/button><\/div><\/div>\t\t<\/div>\n\t\t\t\t<\/div>\n\t\t\t\t\t\t<\/div>\n\t\t\t\t\t<\/div>\n\t\t<\/div>\n\t\t\t\t<div class=\"elementor-column elementor-col-50 elementor-top-column elementor-element elementor-element-011f39a\" data-id=\"011f39a\" data-element_type=\"column\">\n\t\t\t<div class=\"elementor-column-wrap elementor-element-populated\">\n\t\t\t\t\t\t\t<div class=\"elementor-widget-wrap\">\n\t\t\t\t\t\t<div class=\"elementor-element elementor-element-97379d2 elementor-widget elementor-widget-image\" data-id=\"97379d2\" data-element_type=\"widget\" data-widget_type=\"image.default\">\n\t\t\t\t<div class=\"elementor-widget-container\">\n\t\t\t\t\t\t\t\t<div class=\"elementor-image\">\n\t\t\t\t\t\t\t\t\t\t\t\t<img width=\"634\" height=\"414\" src=\"https:\/\/www.digequal.com\/wp-content\/uploads\/2022\/06\/DigEgual_hero_02.svg\" class=\"attachment-full size-full wp-image-929\" alt=\"\" loading=\"lazy\" \/>\t\t\t\t\t\t\t\t\t\t\t\t\t\t<\/div>\n\t\t\t\t\t\t<\/div>\n\t\t\t\t<\/div>\n\t\t\t\t\t\t<\/div>\n\t\t\t\t\t<\/div>\n\t\t<\/div>\n\t\t\t\t\t\t\t\t<\/div>\n\t\t\t\t\t<\/div>\n\t\t<\/section>\n\t\t\t\t<section class=\"elementor-section elementor-top-section elementor-element elementor-element-0a51c97 elementor-section-boxed elementor-section-height-default elementor-section-height-default\" data-id=\"0a51c97\" data-element_type=\"section\">\n\t\t\t\t\t\t<div class=\"elementor-container elementor-column-gap-default\">\n\t\t\t\t\t\t\t<div class=\"elementor-row\">\n\t\t\t\t\t<div class=\"elementor-column elementor-col-100 elementor-top-column elementor-element elementor-element-7e5db99\" data-id=\"7e5db99\" data-element_type=\"column\">\n\t\t\t<div class=\"elementor-column-wrap elementor-element-populated\">\n\t\t\t\t\t\t\t<div class=\"elementor-widget-wrap\">\n\t\t\t\t\t\t<div class=\"elementor-element elementor-element-4df3098 elementor-widget elementor-widget-spacer\" data-id=\"4df3098\" data-element_type=\"widget\" data-widget_type=\"spacer.default\">\n\t\t\t\t<div class=\"elementor-widget-container\">\n\t\t\t\t\t<div class=\"elementor-spacer\">\n\t\t\t<div class=\"elementor-spacer-inner\"><\/div>\n\t\t<\/div>\n\t\t\t\t<\/div>\n\t\t\t\t<\/div>\n\t\t\t\t<div class=\"elementor-element elementor-element-cdeaa21 elementor-widget elementor-widget-text-editor\" data-id=\"cdeaa21\" data-element_type=\"widget\" data-widget_type=\"text-editor.default\">\n\t\t\t\t<div class=\"elementor-widget-container\">\n\t\t\t\t\t\t\t\t<div class=\"elementor-text-editor elementor-clearfix\">\n\t\t\t\t<p>Dig-Equal \u00e9 um projeto europeu que pretende:<\/p>\n<ul>\n<li>Definir as principais habilidades e expectativas sobre os fatores de ado\u00e7\u00e3o para a intera\u00e7\u00e3o do governo eletr\u00f3nico por adultos para exercerem plenamente os seus direitos como cidad\u00e3os.<\/li>\n<li>Desenvolver solu\u00e7\u00f5es inovadoras para centros educacionais que trabalhem com adultos.<\/li>\n<li>Melhorar as aptid\u00f5es e compet\u00eancias dos educadores de adultos e adultos com baixos n\u00edveis de qualifica\u00e7\u00e3o atrav\u00e9s da aplica\u00e7\u00e3o de um curso de forma\u00e7\u00e3o sobre diferentes aspetos do Governo Eletr\u00f3nico.<\/li>\n<li>Desenvolver uma aplica\u00e7\u00e3o interativa, que seguir\u00e1 uma abordagem gamificada e ser\u00e1 usada n\u00e3o apenas por educadores como uma ferramenta educacional, mas tamb\u00e9m como uma ferramenta de autoaprendizagem, particularmente \u00fatil para grupos desfavorecidos e culturalmente diversos.<\/li>\n<\/ul>\n\t\t\t\t\t<\/div>\n\t\t\t\t\t\t<\/div>\n\t\t\t\t<\/div>\n\t\t\t\t<div class=\"elementor-element elementor-element-142ab2d elementor-widget elementor-widget-spacer\" data-id=\"142ab2d\" data-element_type=\"widget\" data-widget_type=\"spacer.default\">\n\t\t\t\t<div class=\"elementor-widget-container\">\n\t\t\t\t\t<div class=\"elementor-spacer\">\n\t\t\t<div class=\"elementor-spacer-inner\"><\/div>\n\t\t<\/div>\n\t\t\t\t<\/div>\n\t\t\t\t<\/div>\n\t\t\t\t<div class=\"elementor-element elementor-element-8d4a966 why elementor-position-top elementor-vertical-align-top elementor-widget elementor-widget-image-box\" data-id=\"8d4a966\" data-element_type=\"widget\" id=\"why\" data-widget_type=\"image-box.default\">\n\t\t\t\t<div class=\"elementor-widget-container\">\n\t\t\t<div class=\"elementor-image-box-wrapper\"><figure class=\"elementor-image-box-img\"><img width=\"768\" height=\"506\" src=\"https:\/\/www.digequal.com\/wp-content\/uploads\/2022\/06\/people-pc.svg\" class=\"attachment-medium_large size-medium_large wp-image-985\" alt=\"\" loading=\"lazy\" \/><\/figure><div class=\"elementor-image-box-content\"><h3 class=\"elementor-image-box-title\">Porqu\u00ea?<\/h3><p class=\"elementor-image-box-description\">Os benef\u00edcios do uso de servi\u00e7os de Governo Eletr\u00f3nico na vida dos adultos s\u00e3o ineg\u00e1veis e abundantes. Ao mesmo tempo, percebe-se que os centros de forma\u00e7\u00e3o de adultos n\u00e3o possuem estrat\u00e9gias espec\u00edficas para lidar com os efeitos da 2\u00aa e 3\u00aa exclus\u00e3o digital, n\u00e3o estando, portanto, preparados para a transforma\u00e7\u00e3o digital que est\u00e1 a acontecer na UE.<\/p><\/div><\/div>\t\t<\/div>\n\t\t\t\t<\/div>\n\t\t\t\t<div class=\"elementor-element elementor-element-3eca01d elementor-widget elementor-widget-spacer\" data-id=\"3eca01d\" data-element_type=\"widget\" data-widget_type=\"spacer.default\">\n\t\t\t\t<div class=\"elementor-widget-container\">\n\t\t\t\t\t<div class=\"elementor-spacer\">\n\t\t\t<div class=\"elementor-spacer-inner\"><\/div>\n\t\t<\/div>\n\t\t\t\t<\/div>\n\t\t\t\t<\/div>\n\t\t\t\t<div class=\"elementor-element elementor-element-d3ac60c elementor-position-top elementor-vertical-align-top elementor-widget elementor-widget-image-box\" data-id=\"d3ac60c\" data-element_type=\"widget\" data-widget_type=\"image-box.default\">\n\t\t\t\t<div class=\"elementor-widget-container\">\n\t\t\t<div class=\"elementor-image-box-wrapper\"><figure class=\"elementor-image-box-img\"><img width=\"1000\" height=\"659\" src=\"https:\/\/www.digequal.com\/wp-content\/uploads\/2022\/06\/girl.svg\" class=\"attachment-full size-full wp-image-989\" alt=\"\" loading=\"lazy\" \/><\/figure><div class=\"elementor-image-box-content\"><h3 class=\"elementor-image-box-title\">Como?<\/h3><p class=\"elementor-image-box-description\">O Dig-Equal visa desenvolver ferramentas e pr\u00e1ticas pedag\u00f3gicas com o objetivo de serem utilizadas em centros de educa\u00e7\u00e3o de adultos, como forma de criar uma ponte entre adultos exclu\u00eddos digitalmente e os servi\u00e7os de Governo Eletr\u00f3nico.<\/p><\/div><\/div>\t\t<\/div>\n\t\t\t\t<\/div>\n\t\t\t\t\t\t<\/div>\n\t\t\t\t\t<\/div>\n\t\t<\/div>\n\t\t\t\t\t\t\t\t<\/div>\n\t\t\t\t\t<\/div>\n\t\t<\/section>\n\t\t\t\t<section class=\"elementor-section elementor-top-section elementor-element elementor-element-f017d0b elementor-section-boxed elementor-section-height-default elementor-section-height-default\" data-id=\"f017d0b\" data-element_type=\"section\">\n\t\t\t\t\t\t<div class=\"elementor-container elementor-column-gap-default\">\n\t\t\t\t\t\t\t<div class=\"elementor-row\">\n\t\t\t\t\t<div class=\"elementor-column elementor-col-100 elementor-top-column elementor-element elementor-element-e0e9e5b\" data-id=\"e0e9e5b\" data-element_type=\"column\">\n\t\t\t<div class=\"elementor-column-wrap elementor-element-populated\">\n\t\t\t\t\t\t\t<div class=\"elementor-widget-wrap\">\n\t\t\t\t\t\t<div class=\"elementor-element elementor-element-46289ab elementor-widget elementor-widget-spacer\" data-id=\"46289ab\" data-element_type=\"widget\" data-widget_type=\"spacer.default\">\n\t\t\t\t<div class=\"elementor-widget-container\">\n\t\t\t\t\t<div class=\"elementor-spacer\">\n\t\t\t<div class=\"elementor-spacer-inner\"><\/div>\n\t\t<\/div>\n\t\t\t\t<\/div>\n\t\t\t\t<\/div>\n\t\t\t\t\t\t<\/div>\n\t\t\t\t\t<\/div>\n\t\t<\/div>\n\t\t\t\t\t\t\t\t<\/div>\n\t\t\t\t\t<\/div>\n\t\t<\/section>\n\t\t\t\t<section class=\"elementor-section elementor-top-section elementor-element elementor-element-1363ae8 elementor-section-boxed elementor-section-height-default elementor-section-height-default\" data-id=\"1363ae8\" data-element_type=\"section\">\n\t\t\t\t\t\t<div class=\"elementor-container elementor-column-gap-default\">\n\t\t\t\t\t\t\t<div class=\"elementor-row\">\n\t\t\t\t\t<div class=\"elementor-column elementor-col-100 elementor-top-column elementor-element elementor-element-f1fc9b5\" data-id=\"f1fc9b5\" data-element_type=\"column\">\n\t\t\t<div class=\"elementor-column-wrap elementor-element-populated\">\n\t\t\t\t\t\t\t<div class=\"elementor-widget-wrap\">\n\t\t\t\t\t\t<div class=\"elementor-element elementor-element-90c5d17 elementor-widget elementor-widget-heading\" data-id=\"90c5d17\" data-element_type=\"widget\" data-widget_type=\"heading.default\">\n\t\t\t\t<div class=\"elementor-widget-container\">\n\t\t\t<h2 class=\"elementor-heading-title elementor-size-default\">Para quem \u00e9 o DigEqual?<\/h2>\t\t<\/div>\n\t\t\t\t<\/div>\n\t\t\t\t<section class=\"elementor-section elementor-inner-section elementor-element elementor-element-8109aa4 elementor-section-boxed elementor-section-height-default elementor-section-height-default\" data-id=\"8109aa4\" data-element_type=\"section\">\n\t\t\t\t\t\t<div class=\"elementor-container elementor-column-gap-default\">\n\t\t\t\t\t\t\t<div class=\"elementor-row\">\n\t\t\t\t\t<div class=\"elementor-column elementor-col-50 elementor-inner-column elementor-element elementor-element-215dd05\" data-id=\"215dd05\" data-element_type=\"column\">\n\t\t\t<div class=\"elementor-column-wrap elementor-element-populated\">\n\t\t\t\t\t\t\t<div class=\"elementor-widget-wrap\">\n\t\t\t\t\t\t<div class=\"elementor-element elementor-element-f41671f elementor-icon-list--layout-traditional elementor-list-item-link-full_width elementor-widget elementor-widget-icon-list\" data-id=\"f41671f\" data-element_type=\"widget\" data-widget_type=\"icon-list.default\">\n\t\t\t\t<div class=\"elementor-widget-container\">\n\t\t\t\t\t<ul class=\"elementor-icon-list-items\">\n\t\t\t\t\t\t\t<li class=\"elementor-icon-list-item\">\n\t\t\t\t\t\t\t\t\t\t\t<span class=\"elementor-icon-list-icon\">\n\t\t\t\t\t\t\t<i aria-hidden=\"true\" class=\"fas fa-check\"><\/i>\t\t\t\t\t\t<\/span>\n\t\t\t\t\t\t\t\t\t\t<span class=\"elementor-icon-list-text\">Educadores de adultos com pouco conhecimento sobre servi\u00e7os de Governo Eletr\u00f3nico<\/span>\n\t\t\t\t\t\t\t\t\t<\/li>\n\t\t\t\t\t\t\t\t<li class=\"elementor-icon-list-item\">\n\t\t\t\t\t\t\t\t\t\t\t<span class=\"elementor-icon-list-icon\">\n\t\t\t\t\t\t\t<i aria-hidden=\"true\" class=\"fas fa-check\"><\/i>\t\t\t\t\t\t<\/span>\n\t\t\t\t\t\t\t\t\t\t<span class=\"elementor-icon-list-text\">Adultos que est\u00e3o envolvidos em  atividades ou que sofrem exclus\u00e3o digital<\/span>\n\t\t\t\t\t\t\t\t\t<\/li>\n\t\t\t\t\t\t\t\t<li class=\"elementor-icon-list-item\">\n\t\t\t\t\t\t\t\t\t\t\t<span class=\"elementor-icon-list-icon\">\n\t\t\t\t\t\t\t<i aria-hidden=\"true\" class=\"fas fa-check\"><\/i>\t\t\t\t\t\t<\/span>\n\t\t\t\t\t\t\t\t\t\t<span class=\"elementor-icon-list-text\">Adultos em contexto socioecon\u00f3mico dif\u00edcil (solid\u00e3o, mulheres, sal\u00e1rios baixo)<\/span>\n\t\t\t\t\t\t\t\t\t<\/li>\n\t\t\t\t\t\t\t\t<li class=\"elementor-icon-list-item\">\n\t\t\t\t\t\t\t\t\t\t\t<span class=\"elementor-icon-list-icon\">\n\t\t\t\t\t\t\t<i aria-hidden=\"true\" class=\"fas fa-check\"><\/i>\t\t\t\t\t\t<\/span>\n\t\t\t\t\t\t\t\t\t\t<span class=\"elementor-icon-list-text\">Organiza\u00e7\u00f5es educacionais que trabalhem na \u00e1rea da forma\u00e7\u00e3o\/inclus\u00e3o de adultos <\/span>\n\t\t\t\t\t\t\t\t\t<\/li>\n\t\t\t\t\t\t<\/ul>\n\t\t\t\t<\/div>\n\t\t\t\t<\/div>\n\t\t\t\t\t\t<\/div>\n\t\t\t\t\t<\/div>\n\t\t<\/div>\n\t\t\t\t<div class=\"elementor-column elementor-col-50 elementor-inner-column elementor-element elementor-element-f8916dd\" data-id=\"f8916dd\" data-element_type=\"column\">\n\t\t\t<div class=\"elementor-column-wrap elementor-element-populated\">\n\t\t\t\t\t\t\t<div class=\"elementor-widget-wrap\">\n\t\t\t\t\t\t<div class=\"elementor-element elementor-element-9dd0a44 elementor-icon-list--layout-traditional elementor-list-item-link-full_width elementor-widget elementor-widget-icon-list\" data-id=\"9dd0a44\" data-element_type=\"widget\" data-widget_type=\"icon-list.default\">\n\t\t\t\t<div class=\"elementor-widget-container\">\n\t\t\t\t\t<ul class=\"elementor-icon-list-items\">\n\t\t\t\t\t\t\t<li class=\"elementor-icon-list-item\">\n\t\t\t\t\t\t\t\t\t\t\t<span class=\"elementor-icon-list-icon\">\n\t\t\t\t\t\t\t<i aria-hidden=\"true\" class=\"fas fa-check\"><\/i>\t\t\t\t\t\t<\/span>\n\t\t\t\t\t\t\t\t\t\t<span class=\"elementor-icon-list-text\">centros educacionais e outras organiza\u00e7\u00f5es que trabalhem na \u00e1rea de apoio e envolvimento de adultos<\/span>\n\t\t\t\t\t\t\t\t\t<\/li>\n\t\t\t\t\t\t\t\t<li class=\"elementor-icon-list-item\">\n\t\t\t\t\t\t\t\t\t\t\t<span class=\"elementor-icon-list-icon\">\n\t\t\t\t\t\t\t<i aria-hidden=\"true\" class=\"fas fa-check\"><\/i>\t\t\t\t\t\t<\/span>\n\t\t\t\t\t\t\t\t\t\t<span class=\"elementor-icon-list-text\">Grupos-alvo e funcion\u00e1rios dos parceiros associados<\/span>\n\t\t\t\t\t\t\t\t\t<\/li>\n\t\t\t\t\t\t\t\t<li class=\"elementor-icon-list-item\">\n\t\t\t\t\t\t\t\t\t\t\t<span class=\"elementor-icon-list-icon\">\n\t\t\t\t\t\t\t<i aria-hidden=\"true\" class=\"fas fa-check\"><\/i>\t\t\t\t\t\t<\/span>\n\t\t\t\t\t\t\t\t\t\t<span class=\"elementor-icon-list-text\">Respons\u00e1veis pela formula\u00e7\u00e3o de pol\u00edticas no campo da aprendizagem ao longo da vida e aprendizagem permanente (por exemplo, departamentos de assist\u00eancia social dos munic\u00edpios, \u00f3rg\u00e3os regionais que trabalham na inclus\u00e3o social)<\/span>\n\t\t\t\t\t\t\t\t\t<\/li>\n\t\t\t\t\t\t\t\t<li class=\"elementor-icon-list-item\">\n\t\t\t\t\t\t\t\t\t\t\t<span class=\"elementor-icon-list-icon\">\n\t\t\t\t\t\t\t<i aria-hidden=\"true\" class=\"fas fa-check\"><\/i>\t\t\t\t\t\t<\/span>\n\t\t\t\t\t\t\t\t\t\t<span class=\"elementor-icon-list-text\">Outras organiza\u00e7\u00f5es de segundo n\u00edvel que representam adultos (sindicatos, \u00f3rg\u00e3os representativos de clubes sociais etc.)<\/span>\n\t\t\t\t\t\t\t\t\t<\/li>\n\t\t\t\t\t\t<\/ul>\n\t\t\t\t<\/div>\n\t\t\t\t<\/div>\n\t\t\t\t\t\t<\/div>\n\t\t\t\t\t<\/div>\n\t\t<\/div>\n\t\t\t\t\t\t\t\t<\/div>\n\t\t\t\t\t<\/div>\n\t\t<\/section>\n\t\t\t\t\t\t<\/div>\n\t\t\t\t\t<\/div>\n\t\t<\/div>\n\t\t\t\t\t\t\t\t<\/div>\n\t\t\t\t\t<\/div>\n\t\t<\/section>\n\t\t\t\t<section class=\"elementor-section elementor-top-section elementor-element elementor-element-d1a32eb elementor-section-boxed elementor-section-height-default elementor-section-height-default\" data-id=\"d1a32eb\" data-element_type=\"section\">\n\t\t\t\t\t\t<div class=\"elementor-container elementor-column-gap-default\">\n\t\t\t\t\t\t\t<div class=\"elementor-row\">\n\t\t\t\t\t<div class=\"elementor-column elementor-col-100 elementor-top-column elementor-element elementor-element-6c279df\" data-id=\"6c279df\" data-element_type=\"column\">\n\t\t\t<div class=\"elementor-column-wrap elementor-element-populated\">\n\t\t\t\t\t\t\t<div class=\"elementor-widget-wrap\">\n\t\t\t\t\t\t<div class=\"elementor-element elementor-element-9656b57 elementor-widget elementor-widget-spacer\" data-id=\"9656b57\" data-element_type=\"widget\" data-widget_type=\"spacer.default\">\n\t\t\t\t<div class=\"elementor-widget-container\">\n\t\t\t\t\t<div class=\"elementor-spacer\">\n\t\t\t<div class=\"elementor-spacer-inner\"><\/div>\n\t\t<\/div>\n\t\t\t\t<\/div>\n\t\t\t\t<\/div>\n\t\t\t\t\t\t<\/div>\n\t\t\t\t\t<\/div>\n\t\t<\/div>\n\t\t\t\t\t\t\t\t<\/div>\n\t\t\t\t\t<\/div>\n\t\t<\/section>\n\t\t\t\t\t\t\t\t\t<\/div>\n\t\t\t<\/div>\n\t\t\t\t\t<\/div>\n\t\t","protected":false},"excerpt":{"rendered":"<p>Sobre A introdu\u00e7\u00e3o das tecnologias digitais no governo e noutros servi\u00e7os transformou significativamente a forma como os adultos na Europa interagem online. O Governo Eletr\u00f3nico \u00e9 simplesmente o governo entregue pela Internet e outros meios digitais. Dig-Equal \u00e9 um projeto europeu que se centra em tornar o acesso a servi\u00e7os online e ao Governo Eletr\u00f3nico [&hellip;]<\/p>\n","protected":false},"author":7,"featured_media":0,"parent":0,"menu_order":0,"comment_status":"closed","ping_status":"closed","template":"","meta":[],"_links":{"self":[{"href":"https:\/\/www.digequal.com\/pt-pt\/wp-json\/wp\/v2\/pages\/1255"}],"collection":[{"href":"https:\/\/www.digequal.com\/pt-pt\/wp-json\/wp\/v2\/pages"}],"about":[{"href":"https:\/\/www.digequal.com\/pt-pt\/wp-json\/wp\/v2\/types\/page"}],"author":[{"embeddable":true,"href":"https:\/\/www.digequal.com\/pt-pt\/wp-json\/wp\/v2\/users\/7"}],"replies":[{"embeddable":true,"href":"https:\/\/www.digequal.com\/pt-pt\/wp-json\/wp\/v2\/comments?post=1255"}],"version-history":[{"count":16,"href":"https:\/\/www.digequal.com\/pt-pt\/wp-json\/wp\/v2\/pages\/1255\/revisions"}],"predecessor-version":[{"id":10674,"href":"https:\/\/www.digequal.com\/pt-pt\/wp-json\/wp\/v2\/pages\/1255\/revisions\/10674"}],"wp:attachment":[{"href":"https:\/\/www.digequal.com\/pt-pt\/wp-json\/wp\/v2\/media?parent=1255"}],"curies":[{"name":"wp","href":"https:\/\/api.w.org\/{rel}","templated":true}]}}