{"id":1267,"date":"2022-11-14T14:05:29","date_gmt":"2022-11-14T14:05:29","guid":{"rendered":"https:\/\/www.digequal.com\/resultados-do-projeto\/"},"modified":"2024-01-19T08:50:48","modified_gmt":"2024-01-19T08:50:48","slug":"resultados-do-projeto","status":"publish","type":"page","link":"https:\/\/www.digequal.com\/pt-pt\/resultados-do-projeto\/","title":{"rendered":"Resultados do projeto"},"content":{"rendered":"\t\t<div data-elementor-type=\"wp-page\" data-elementor-id=\"1267\" class=\"elementor elementor-1267 elementor-381\" data-elementor-post-type=\"page\">\n\t\t\t\t\t\t<div class=\"elementor-inner\">\n\t\t\t\t<div class=\"elementor-section-wrap\">\n\t\t\t\t\t\t\t\t\t<section class=\"elementor-section elementor-top-section elementor-element elementor-element-cfaa74b elementor-section-boxed elementor-section-height-default elementor-section-height-default\" data-id=\"cfaa74b\" data-element_type=\"section\">\n\t\t\t\t\t\t<div class=\"elementor-container elementor-column-gap-default\">\n\t\t\t\t\t\t\t<div class=\"elementor-row\">\n\t\t\t\t\t<div class=\"elementor-column elementor-col-100 elementor-top-column elementor-element elementor-element-29328a9\" data-id=\"29328a9\" data-element_type=\"column\">\n\t\t\t<div class=\"elementor-column-wrap elementor-element-populated\">\n\t\t\t\t\t\t\t<div class=\"elementor-widget-wrap\">\n\t\t\t\t\t\t<div class=\"elementor-element elementor-element-c2944d3 elementor-widget elementor-widget-spacer\" data-id=\"c2944d3\" data-element_type=\"widget\" data-widget_type=\"spacer.default\">\n\t\t\t\t<div class=\"elementor-widget-container\">\n\t\t\t\t\t<div class=\"elementor-spacer\">\n\t\t\t<div class=\"elementor-spacer-inner\"><\/div>\n\t\t<\/div>\n\t\t\t\t<\/div>\n\t\t\t\t<\/div>\n\t\t\t\t<div class=\"elementor-element elementor-element-f423bb2 elementor-widget elementor-widget-image\" data-id=\"f423bb2\" data-element_type=\"widget\" data-widget_type=\"image.default\">\n\t\t\t\t<div class=\"elementor-widget-container\">\n\t\t\t\t\t\t\t\t<div class=\"elementor-image\">\n\t\t\t\t\t\t\t\t\t\t\t\t<img width=\"1000\" height=\"659\" src=\"https:\/\/www.digequal.com\/wp-content\/uploads\/2022\/06\/results.svg\" class=\"attachment-full size-full wp-image-993\" alt=\"\" loading=\"lazy\" \/>\t\t\t\t\t\t\t\t\t\t\t\t\t\t<\/div>\n\t\t\t\t\t\t<\/div>\n\t\t\t\t<\/div>\n\t\t\t\t<div class=\"elementor-element elementor-element-c3d2326 elementor-widget elementor-widget-spacer\" data-id=\"c3d2326\" data-element_type=\"widget\" data-widget_type=\"spacer.default\">\n\t\t\t\t<div class=\"elementor-widget-container\">\n\t\t\t\t\t<div class=\"elementor-spacer\">\n\t\t\t<div class=\"elementor-spacer-inner\"><\/div>\n\t\t<\/div>\n\t\t\t\t<\/div>\n\t\t\t\t<\/div>\n\t\t\t\t\t\t<\/div>\n\t\t\t\t\t<\/div>\n\t\t<\/div>\n\t\t\t\t\t\t\t\t<\/div>\n\t\t\t\t\t<\/div>\n\t\t<\/section>\n\t\t\t\t<section class=\"elementor-section elementor-top-section elementor-element elementor-element-5fdc098 elementor-section-full_width elementor-section-height-default elementor-section-height-default\" data-id=\"5fdc098\" data-element_type=\"section\" data-settings=\"{&quot;background_background&quot;:&quot;classic&quot;}\">\n\t\t\t\t\t\t\t<div class=\"elementor-background-overlay\"><\/div>\n\t\t\t\t\t\t\t<div class=\"elementor-container elementor-column-gap-default\">\n\t\t\t\t\t\t\t<div class=\"elementor-row\">\n\t\t\t\t\t<div class=\"elementor-column elementor-col-33 elementor-top-column elementor-element elementor-element-45a2b52 elementor-hidden-tablet elementor-hidden-mobile\" data-id=\"45a2b52\" data-element_type=\"column\" data-settings=\"{&quot;background_background&quot;:&quot;classic&quot;}\">\n\t\t\t<div class=\"elementor-column-wrap\">\n\t\t\t\t\t<div class=\"elementor-background-overlay\"><\/div>\n\t\t\t\t\t\t\t<div class=\"elementor-widget-wrap\">\n\t\t\t\t\t\t\t\t<\/div>\n\t\t\t\t\t<\/div>\n\t\t<\/div>\n\t\t\t\t<div class=\"elementor-column elementor-col-33 elementor-top-column elementor-element elementor-element-2711332\" data-id=\"2711332\" data-element_type=\"column\" data-settings=\"{&quot;background_background&quot;:&quot;classic&quot;}\">\n\t\t\t<div class=\"elementor-column-wrap elementor-element-populated\">\n\t\t\t\t\t<div class=\"elementor-background-overlay\"><\/div>\n\t\t\t\t\t\t\t<div class=\"elementor-widget-wrap\">\n\t\t\t\t\t\t<div class=\"elementor-element elementor-element-0e88061 elementor-widget elementor-widget-spacer\" data-id=\"0e88061\" data-element_type=\"widget\" data-widget_type=\"spacer.default\">\n\t\t\t\t<div class=\"elementor-widget-container\">\n\t\t\t\t\t<div class=\"elementor-spacer\">\n\t\t\t<div class=\"elementor-spacer-inner\"><\/div>\n\t\t<\/div>\n\t\t\t\t<\/div>\n\t\t\t\t<\/div>\n\t\t\t\t<div class=\"elementor-element elementor-element-14c4154 elementor-widget elementor-widget-heading\" data-id=\"14c4154\" data-element_type=\"widget\" data-widget_type=\"heading.default\">\n\t\t\t\t<div class=\"elementor-widget-container\">\n\t\t\t<h2 class=\"elementor-heading-title elementor-size-default\">Resultados do projeto<\/h2>\t\t<\/div>\n\t\t\t\t<\/div>\n\t\t\t\t<div class=\"elementor-element elementor-element-5f0547b elementor-widget elementor-widget-text-editor\" data-id=\"5f0547b\" data-element_type=\"widget\" data-widget_type=\"text-editor.default\">\n\t\t\t\t<div class=\"elementor-widget-container\">\n\t\t\t\t\t\t\t\t<div class=\"elementor-text-editor elementor-clearfix\">\n\t\t\t\t<p>O Dig-Equal visa desenvolver ferramentas e pr\u00e1ticas pedag\u00f3gicas profundamente enraizadas no quotidiano e nas dificuldades enfrentadas por n\u00f3s, cidad\u00e3os. Queremos refletir sobre como tornar o Governo Eletr\u00f3nico e os servi\u00e7os online mais pr\u00f3ximos dos adultos e, ao mesmo tempo, desenvolver materiais simples e inovadores para educadores e organiza\u00e7\u00f5es que apoiam adultos em diferentes n\u00edveis de educa\u00e7\u00e3o digital e empoderamento social.<\/p>\n<p>O que queremos desenvolver:<\/p>\n<ul>\n<li>Objetivos de Educa\u00e7\u00e3o Digital Sustent\u00e1vel de Adultos &#8211; habilidades e metodologia de Governo Eletr\u00f3nico para educa\u00e7\u00e3o digital baseada no contexto de educadores de adultos e adultos.<\/li>\n<li>Governo Eletr\u00f3nico todos os dias: adultos e educadores de adultos em a\u00e7\u00e3o!<\/li>\n<li>Uma aplica\u00e7\u00e3o interativa baseado em miss\u00f5es para adultos escolherem e entenderem situa\u00e7\u00f5es quotidianas e compararem como \u201c\u00e9 a vida com e sem governo eletr\u00f3nico\u201d e gamificar escolhas a serem feitas todos os dias.<\/li>\n<\/ul>\n\t\t\t\t\t<\/div>\n\t\t\t\t\t\t<\/div>\n\t\t\t\t<\/div>\n\t\t\t\t<div class=\"elementor-element elementor-element-27f82d1 elementor-widget elementor-widget-spacer\" data-id=\"27f82d1\" data-element_type=\"widget\" data-widget_type=\"spacer.default\">\n\t\t\t\t<div class=\"elementor-widget-container\">\n\t\t\t\t\t<div class=\"elementor-spacer\">\n\t\t\t<div class=\"elementor-spacer-inner\"><\/div>\n\t\t<\/div>\n\t\t\t\t<\/div>\n\t\t\t\t<\/div>\n\t\t\t\t\t\t<\/div>\n\t\t\t\t\t<\/div>\n\t\t<\/div>\n\t\t\t\t<div class=\"elementor-column elementor-col-33 elementor-top-column elementor-element elementor-element-4fe8b33 elementor-hidden-tablet elementor-hidden-mobile\" data-id=\"4fe8b33\" data-element_type=\"column\" data-settings=\"{&quot;background_background&quot;:&quot;classic&quot;}\">\n\t\t\t<div class=\"elementor-column-wrap\">\n\t\t\t\t\t\t\t<div class=\"elementor-widget-wrap\">\n\t\t\t\t\t\t\t\t<\/div>\n\t\t\t\t\t<\/div>\n\t\t<\/div>\n\t\t\t\t\t\t\t\t<\/div>\n\t\t\t\t\t<\/div>\n\t\t<\/section>\n\t\t\t\t<section class=\"elementor-section elementor-top-section elementor-element elementor-element-12b52e7 elementor-section-boxed elementor-section-height-default elementor-section-height-default\" data-id=\"12b52e7\" data-element_type=\"section\">\n\t\t\t\t\t\t<div class=\"elementor-container elementor-column-gap-default\">\n\t\t\t\t\t\t\t<div class=\"elementor-row\">\n\t\t\t\t\t<div class=\"elementor-column elementor-col-100 elementor-top-column elementor-element elementor-element-a4594cd\" data-id=\"a4594cd\" data-element_type=\"column\">\n\t\t\t<div class=\"elementor-column-wrap elementor-element-populated\">\n\t\t\t\t\t\t\t<div class=\"elementor-widget-wrap\">\n\t\t\t\t\t\t<div class=\"elementor-element elementor-element-2188812 elementor-widget elementor-widget-spacer\" data-id=\"2188812\" data-element_type=\"widget\" data-widget_type=\"spacer.default\">\n\t\t\t\t<div class=\"elementor-widget-container\">\n\t\t\t\t\t<div class=\"elementor-spacer\">\n\t\t\t<div class=\"elementor-spacer-inner\"><\/div>\n\t\t<\/div>\n\t\t\t\t<\/div>\n\t\t\t\t<\/div>\n\t\t\t\t<section class=\"elementor-section elementor-inner-section elementor-element elementor-element-6bddd3d elementor-section-content-middle elementor-reverse-mobile elementor-section-boxed elementor-section-height-default elementor-section-height-default\" data-id=\"6bddd3d\" data-element_type=\"section\">\n\t\t\t\t\t\t<div class=\"elementor-container elementor-column-gap-default\">\n\t\t\t\t\t\t\t<div class=\"elementor-row\">\n\t\t\t\t\t<div class=\"elementor-column elementor-col-50 elementor-inner-column elementor-element elementor-element-fa965ca\" data-id=\"fa965ca\" data-element_type=\"column\">\n\t\t\t<div class=\"elementor-column-wrap elementor-element-populated\">\n\t\t\t\t\t\t\t<div class=\"elementor-widget-wrap\">\n\t\t\t\t\t\t<div class=\"elementor-element elementor-element-74f18fd elementor-widget elementor-widget-heading\" data-id=\"74f18fd\" data-element_type=\"widget\" data-widget_type=\"heading.default\">\n\t\t\t\t<div class=\"elementor-widget-container\">\n\t\t\t<h3 class=\"elementor-heading-title elementor-size-default\">Programa de Forma\u00e7\u00e3o Digital para educadores de adultos e adultos.<\/h3>\t\t<\/div>\n\t\t\t\t<\/div>\n\t\t\t\t<div class=\"elementor-element elementor-element-66f7ffd elementor-widget elementor-widget-text-editor\" data-id=\"66f7ffd\" data-element_type=\"widget\" data-widget_type=\"text-editor.default\">\n\t\t\t\t<div class=\"elementor-widget-container\">\n\t\t\t\t\t\t\t\t<div class=\"elementor-text-editor elementor-clearfix\">\n\t\t\t\t<p>Uma estrutura de orienta\u00e7\u00e3o e metodologia para centros de educa\u00e7\u00e3o de adultos e os seus educadores para apoiar o trabalho com adultos com baixos n\u00edveis de qualifica\u00e7\u00e3o, estendendo as suas aulas digitais sobre t\u00f3picos e problemas relacionados com o uso de servi\u00e7os online e Governo Eletr\u00f3nico por adultos na Europa. Tal estrutura ser\u00e1 a base de sess\u00f5es de forma\u00e7\u00e3o para incorporar o Governo Eletr\u00f3nico nos cen\u00e1rios concretos do quotidiano vivenciados por adultos.<\/p>\n\t\t\t\t\t<\/div>\n\t\t\t\t\t\t<\/div>\n\t\t\t\t<\/div>\n\t\t\t\t<div class=\"elementor-element elementor-element-22587b7 elementor-align-center elementor-widget elementor-widget-button\" data-id=\"22587b7\" data-element_type=\"widget\" data-widget_type=\"button.default\">\n\t\t\t\t<div class=\"elementor-widget-container\">\n\t\t\t\t\t<div class=\"elementor-button-wrapper\">\n\t\t\t<a class=\"elementor-button elementor-button-link elementor-size-xs\" href=\"https:\/\/www.digequal.com\/pt-pt\/interactive-database-it\/\" target=\"_blank\">\n\t\t\t\t\t\t<span class=\"elementor-button-content-wrapper\">\n\t\t\t\t\t\t<span class=\"elementor-button-text\">saber mais<\/span>\n\t\t<\/span>\n\t\t\t\t\t<\/a>\n\t\t<\/div>\n\t\t\t\t<\/div>\n\t\t\t\t<\/div>\n\t\t\t\t\t\t<\/div>\n\t\t\t\t\t<\/div>\n\t\t<\/div>\n\t\t\t\t<div class=\"elementor-column elementor-col-50 elementor-inner-column elementor-element elementor-element-cf86190\" data-id=\"cf86190\" data-element_type=\"column\">\n\t\t\t<div class=\"elementor-column-wrap elementor-element-populated\">\n\t\t\t\t\t\t\t<div class=\"elementor-widget-wrap\">\n\t\t\t\t\t\t<div class=\"elementor-element elementor-element-668b1b8 elementor-widget elementor-widget-image\" data-id=\"668b1b8\" data-element_type=\"widget\" data-widget_type=\"image.default\">\n\t\t\t\t<div class=\"elementor-widget-container\">\n\t\t\t\t\t\t\t\t<div class=\"elementor-image\">\n\t\t\t\t\t\t\t\t\t\t\t\t<img width=\"768\" height=\"566\" src=\"https:\/\/www.digequal.com\/wp-content\/uploads\/2022\/06\/programming-online-course-768x566.png\" class=\"attachment-medium_large size-medium_large wp-image-881\" alt=\"\" loading=\"lazy\" srcset=\"https:\/\/www.digequal.com\/wp-content\/uploads\/2022\/06\/programming-online-course-768x566.png 768w, https:\/\/www.digequal.com\/wp-content\/uploads\/2022\/06\/programming-online-course-300x221.png 300w, https:\/\/www.digequal.com\/wp-content\/uploads\/2022\/06\/programming-online-course.png 1000w\" sizes=\"(max-width: 768px) 100vw, 768px\" \/>\t\t\t\t\t\t\t\t\t\t\t\t\t\t<\/div>\n\t\t\t\t\t\t<\/div>\n\t\t\t\t<\/div>\n\t\t\t\t\t\t<\/div>\n\t\t\t\t\t<\/div>\n\t\t<\/div>\n\t\t\t\t\t\t\t\t<\/div>\n\t\t\t\t\t<\/div>\n\t\t<\/section>\n\t\t\t\t\t\t<\/div>\n\t\t\t\t\t<\/div>\n\t\t<\/div>\n\t\t\t\t\t\t\t\t<\/div>\n\t\t\t\t\t<\/div>\n\t\t<\/section>\n\t\t\t\t<section class=\"elementor-section elementor-top-section elementor-element elementor-element-f0262ec elementor-section-boxed elementor-section-height-default elementor-section-height-default\" data-id=\"f0262ec\" data-element_type=\"section\">\n\t\t\t\t\t\t<div class=\"elementor-container elementor-column-gap-default\">\n\t\t\t\t\t\t\t<div class=\"elementor-row\">\n\t\t\t\t\t<div class=\"elementor-column elementor-col-100 elementor-top-column elementor-element elementor-element-638164f\" data-id=\"638164f\" data-element_type=\"column\">\n\t\t\t<div class=\"elementor-column-wrap elementor-element-populated\">\n\t\t\t\t\t\t\t<div class=\"elementor-widget-wrap\">\n\t\t\t\t\t\t<div class=\"elementor-element elementor-element-ba1d8c5 elementor-widget elementor-widget-spacer\" data-id=\"ba1d8c5\" data-element_type=\"widget\" data-widget_type=\"spacer.default\">\n\t\t\t\t<div class=\"elementor-widget-container\">\n\t\t\t\t\t<div class=\"elementor-spacer\">\n\t\t\t<div class=\"elementor-spacer-inner\"><\/div>\n\t\t<\/div>\n\t\t\t\t<\/div>\n\t\t\t\t<\/div>\n\t\t\t\t<section class=\"elementor-section elementor-inner-section elementor-element elementor-element-b32734d elementor-section-content-middle elementor-section-boxed elementor-section-height-default elementor-section-height-default\" data-id=\"b32734d\" data-element_type=\"section\">\n\t\t\t\t\t\t<div class=\"elementor-container elementor-column-gap-default\">\n\t\t\t\t\t\t\t<div class=\"elementor-row\">\n\t\t\t\t\t<div class=\"elementor-column elementor-col-50 elementor-inner-column elementor-element elementor-element-3723a87\" data-id=\"3723a87\" data-element_type=\"column\">\n\t\t\t<div class=\"elementor-column-wrap elementor-element-populated\">\n\t\t\t\t\t\t\t<div class=\"elementor-widget-wrap\">\n\t\t\t\t\t\t<div class=\"elementor-element elementor-element-e63f66c elementor-widget elementor-widget-image\" data-id=\"e63f66c\" data-element_type=\"widget\" data-widget_type=\"image.default\">\n\t\t\t\t<div class=\"elementor-widget-container\">\n\t\t\t\t\t\t\t\t<div class=\"elementor-image\">\n\t\t\t\t\t\t\t\t\t\t\t\t<img width=\"800\" height=\"600\" src=\"https:\/\/www.digequal.com\/wp-content\/uploads\/2022\/06\/platform_digequal.png\" class=\"attachment-full size-full wp-image-885\" alt=\"\" loading=\"lazy\" srcset=\"https:\/\/www.digequal.com\/wp-content\/uploads\/2022\/06\/platform_digequal.png 800w, https:\/\/www.digequal.com\/wp-content\/uploads\/2022\/06\/platform_digequal-300x225.png 300w, https:\/\/www.digequal.com\/wp-content\/uploads\/2022\/06\/platform_digequal-768x576.png 768w\" sizes=\"(max-width: 800px) 100vw, 800px\" \/>\t\t\t\t\t\t\t\t\t\t\t\t\t\t<\/div>\n\t\t\t\t\t\t<\/div>\n\t\t\t\t<\/div>\n\t\t\t\t\t\t<\/div>\n\t\t\t\t\t<\/div>\n\t\t<\/div>\n\t\t\t\t<div class=\"elementor-column elementor-col-50 elementor-inner-column elementor-element elementor-element-5d3ee51\" data-id=\"5d3ee51\" data-element_type=\"column\">\n\t\t\t<div class=\"elementor-column-wrap elementor-element-populated\">\n\t\t\t\t\t\t\t<div class=\"elementor-widget-wrap\">\n\t\t\t\t\t\t<div class=\"elementor-element elementor-element-07852b7 elementor-widget elementor-widget-heading\" data-id=\"07852b7\" data-element_type=\"widget\" data-widget_type=\"heading.default\">\n\t\t\t\t<div class=\"elementor-widget-container\">\n\t\t\t<h3 class=\"elementor-heading-title elementor-size-default\">Cursos Digitais para utilizadores adultos e educadores de adultos.<\/h3>\t\t<\/div>\n\t\t\t\t<\/div>\n\t\t\t\t<div class=\"elementor-element elementor-element-ca917f2 elementor-widget elementor-widget-text-editor\" data-id=\"ca917f2\" data-element_type=\"widget\" data-widget_type=\"text-editor.default\">\n\t\t\t\t<div class=\"elementor-widget-container\">\n\t\t\t\t\t\t\t\t<div class=\"elementor-text-editor elementor-clearfix\">\n\t\t\t\t<p>1. Um curso preparat\u00f3rio sobre a abordagem contextual e governo eletr\u00f3nico para educadores de adultos, que visa apresent\u00e1-los a um uso mais eficiente de servi\u00e7os on-line, pr\u00e1ticas antidiscriminat\u00f3rias e procedimentos de aprendizagem.<\/p>\n<p>2. Um curso baseado num contexto sobre o Governo Eletr\u00f3nico e habilidades digitais direcionado para adultos com baixos n\u00edveis de qualifica\u00e7\u00e3o, que se centra em diferentes contextos do Governo Eletr\u00f3nico na vida dos adultos, a fim de aumentar a consciencializa\u00e7\u00e3o sobre os seus direitos digitais e como exerc\u00ea-los.<\/p>\n\t\t\t\t\t<\/div>\n\t\t\t\t\t\t<\/div>\n\t\t\t\t<\/div>\n\t\t\t\t<div class=\"elementor-element elementor-element-2afadd9 elementor-align-center elementor-widget elementor-widget-button\" data-id=\"2afadd9\" data-element_type=\"widget\" data-widget_type=\"button.default\">\n\t\t\t\t<div class=\"elementor-widget-container\">\n\t\t\t\t\t<div class=\"elementor-button-wrapper\">\n\t\t\t<a class=\"elementor-button elementor-button-link elementor-size-xs\" href=\"https:\/\/www.digequal.com\/pt-pt\/cursos-digitais\/\" target=\"_blank\">\n\t\t\t\t\t\t<span class=\"elementor-button-content-wrapper\">\n\t\t\t\t\t\t<span class=\"elementor-button-text\">saber mais<\/span>\n\t\t<\/span>\n\t\t\t\t\t<\/a>\n\t\t<\/div>\n\t\t\t\t<\/div>\n\t\t\t\t<\/div>\n\t\t\t\t\t\t<\/div>\n\t\t\t\t\t<\/div>\n\t\t<\/div>\n\t\t\t\t\t\t\t\t<\/div>\n\t\t\t\t\t<\/div>\n\t\t<\/section>\n\t\t\t\t\t\t<\/div>\n\t\t\t\t\t<\/div>\n\t\t<\/div>\n\t\t\t\t\t\t\t\t<\/div>\n\t\t\t\t\t<\/div>\n\t\t<\/section>\n\t\t\t\t<section class=\"elementor-section elementor-top-section elementor-element elementor-element-a138645 elementor-section-boxed elementor-section-height-default elementor-section-height-default\" data-id=\"a138645\" data-element_type=\"section\">\n\t\t\t\t\t\t<div class=\"elementor-container elementor-column-gap-default\">\n\t\t\t\t\t\t\t<div class=\"elementor-row\">\n\t\t\t\t\t<div class=\"elementor-column elementor-col-100 elementor-top-column elementor-element elementor-element-ca2b2f7\" data-id=\"ca2b2f7\" data-element_type=\"column\">\n\t\t\t<div class=\"elementor-column-wrap elementor-element-populated\">\n\t\t\t\t\t\t\t<div class=\"elementor-widget-wrap\">\n\t\t\t\t\t\t<div class=\"elementor-element elementor-element-d9eecf6 elementor-widget elementor-widget-spacer\" data-id=\"d9eecf6\" data-element_type=\"widget\" data-widget_type=\"spacer.default\">\n\t\t\t\t<div class=\"elementor-widget-container\">\n\t\t\t\t\t<div class=\"elementor-spacer\">\n\t\t\t<div class=\"elementor-spacer-inner\"><\/div>\n\t\t<\/div>\n\t\t\t\t<\/div>\n\t\t\t\t<\/div>\n\t\t\t\t<section class=\"elementor-section elementor-inner-section elementor-element elementor-element-984bb91 elementor-section-content-middle elementor-reverse-mobile elementor-section-boxed elementor-section-height-default elementor-section-height-default\" data-id=\"984bb91\" data-element_type=\"section\">\n\t\t\t\t\t\t<div class=\"elementor-container elementor-column-gap-default\">\n\t\t\t\t\t\t\t<div class=\"elementor-row\">\n\t\t\t\t\t<div class=\"elementor-column elementor-col-50 elementor-inner-column elementor-element elementor-element-a6c9ff2\" data-id=\"a6c9ff2\" data-element_type=\"column\">\n\t\t\t<div class=\"elementor-column-wrap elementor-element-populated\">\n\t\t\t\t\t\t\t<div class=\"elementor-widget-wrap\">\n\t\t\t\t\t\t<div class=\"elementor-element elementor-element-416b283 elementor-widget elementor-widget-heading\" data-id=\"416b283\" data-element_type=\"widget\" data-widget_type=\"heading.default\">\n\t\t\t\t<div class=\"elementor-widget-container\">\n\t\t\t<h3 class=\"elementor-heading-title elementor-size-default\">Aplica\u00e7\u00e3o interativa de simula\u00e7\u00e3o de servi\u00e7os do Governo Eletr\u00f3nico.<\/h3>\t\t<\/div>\n\t\t\t\t<\/div>\n\t\t\t\t<div class=\"elementor-element elementor-element-5b11cb7 elementor-widget elementor-widget-text-editor\" data-id=\"5b11cb7\" data-element_type=\"widget\" data-widget_type=\"text-editor.default\">\n\t\t\t\t<div class=\"elementor-widget-container\">\n\t\t\t\t\t\t\t\t<div class=\"elementor-text-editor elementor-clearfix\">\n\t\t\t\t<p>Com o apoio dos adultos envolvidos no projeto, concebemos um ambiente interativo e imersivo (uma web-app) para os utilizadores, que lhes permitir\u00e1 navegar e vivenciar situa\u00e7\u00f5es do quotidiano. Dessa forma, podem refletir em termos pr\u00e1ticos sobre como \u00e9 a vida com e sem<\/p>\n<p>Governo Eletr\u00f3nico e o acesso a servi\u00e7os online e abra\u00e7ar os aspetos positivos destes servi\u00e7os. Queremos construir confian\u00e7a e abandonar sentimentos de\u00a0 desconfian\u00e7a.<\/p>\n\t\t\t\t\t<\/div>\n\t\t\t\t\t\t<\/div>\n\t\t\t\t<\/div>\n\t\t\t\t<div class=\"elementor-element elementor-element-cef9a70 elementor-widget__width-initial elementor-widget elementor-widget-image\" data-id=\"cef9a70\" data-element_type=\"widget\" data-widget_type=\"image.default\">\n\t\t\t\t<div class=\"elementor-widget-container\">\n\t\t\t\t\t\t\t\t<div class=\"elementor-image\">\n\t\t\t\t\t\t\t\t\t\t\t\t\t<a href=\"https:\/\/play.google.com\/store\/apps\/details?id=ngo.polygonal.digequal\" target=\"_blank\" rel=\"noopener\">\n\t\t\t\t\t\t\t<img width=\"646\" height=\"250\" src=\"https:\/\/www.digequal.com\/wp-content\/uploads\/2024\/01\/google-play-badge-1.png\" class=\"attachment-full size-full wp-image-10198\" alt=\"\" loading=\"lazy\" srcset=\"https:\/\/www.digequal.com\/wp-content\/uploads\/2024\/01\/google-play-badge-1.png 646w, https:\/\/www.digequal.com\/wp-content\/uploads\/2024\/01\/google-play-badge-1-300x116.png 300w\" sizes=\"(max-width: 646px) 100vw, 646px\" \/>\t\t\t\t\t\t\t\t<\/a>\n\t\t\t\t\t\t\t\t\t\t\t\t\t\t<\/div>\n\t\t\t\t\t\t<\/div>\n\t\t\t\t<\/div>\n\t\t\t\t<div class=\"elementor-element elementor-element-51f1548 elementor-widget__width-initial elementor-widget elementor-widget-image\" data-id=\"51f1548\" data-element_type=\"widget\" data-widget_type=\"image.default\">\n\t\t\t\t<div class=\"elementor-widget-container\">\n\t\t\t\t\t\t\t\t<div class=\"elementor-image\">\n\t\t\t\t\t\t\t\t\t\t\t\t\t<a href=\"https:\/\/apps.apple.com\/us\/app\/digequal\/id6475108895?src=AppAgg.com\" target=\"_blank\" rel=\"noopener\">\n\t\t\t\t\t\t\t<img src=\"https:\/\/www.digequal.com\/wp-content\/uploads\/2024\/01\/Download_on_the_App_Store_Badge_US-UK_RGB_blk_092917-1.svg\" class=\"attachment-full size-full wp-image-10204\" alt=\"\" loading=\"lazy\" \/>\t\t\t\t\t\t\t\t<\/a>\n\t\t\t\t\t\t\t\t\t\t\t\t\t\t<\/div>\n\t\t\t\t\t\t<\/div>\n\t\t\t\t<\/div>\n\t\t\t\t\t\t<\/div>\n\t\t\t\t\t<\/div>\n\t\t<\/div>\n\t\t\t\t<div class=\"elementor-column elementor-col-50 elementor-inner-column elementor-element elementor-element-c946e11\" data-id=\"c946e11\" data-element_type=\"column\">\n\t\t\t<div class=\"elementor-column-wrap elementor-element-populated\">\n\t\t\t\t\t\t\t<div class=\"elementor-widget-wrap\">\n\t\t\t\t\t\t<div class=\"elementor-element elementor-element-fad7675 elementor-widget elementor-widget-image\" data-id=\"fad7675\" data-element_type=\"widget\" data-widget_type=\"image.default\">\n\t\t\t\t<div class=\"elementor-widget-container\">\n\t\t\t\t\t\t\t\t<div class=\"elementor-image\">\n\t\t\t\t\t\t\t\t\t\t\t\t<img width=\"4035\" height=\"2591\" src=\"https:\/\/www.digequal.com\/wp-content\/uploads\/2022\/06\/student-joining-online-designing-course.svg\" class=\"attachment-full size-full wp-image-969\" alt=\"\" loading=\"lazy\" \/>\t\t\t\t\t\t\t\t\t\t\t\t\t\t<\/div>\n\t\t\t\t\t\t<\/div>\n\t\t\t\t<\/div>\n\t\t\t\t\t\t<\/div>\n\t\t\t\t\t<\/div>\n\t\t<\/div>\n\t\t\t\t\t\t\t\t<\/div>\n\t\t\t\t\t<\/div>\n\t\t<\/section>\n\t\t\t\t<div class=\"elementor-element elementor-element-7abefcc elementor-widget elementor-widget-spacer\" data-id=\"7abefcc\" data-element_type=\"widget\" data-widget_type=\"spacer.default\">\n\t\t\t\t<div class=\"elementor-widget-container\">\n\t\t\t\t\t<div class=\"elementor-spacer\">\n\t\t\t<div class=\"elementor-spacer-inner\"><\/div>\n\t\t<\/div>\n\t\t\t\t<\/div>\n\t\t\t\t<\/div>\n\t\t\t\t\t\t<\/div>\n\t\t\t\t\t<\/div>\n\t\t<\/div>\n\t\t\t\t\t\t\t\t<\/div>\n\t\t\t\t\t<\/div>\n\t\t<\/section>\n\t\t\t\t<section class=\"elementor-section elementor-top-section elementor-element elementor-element-451f99c elementor-section-boxed elementor-section-height-default elementor-section-height-default\" data-id=\"451f99c\" data-element_type=\"section\">\n\t\t\t\t\t\t<div class=\"elementor-container elementor-column-gap-default\">\n\t\t\t\t\t\t\t<div class=\"elementor-row\">\n\t\t\t\t\t<div class=\"elementor-column elementor-col-100 elementor-top-column elementor-element elementor-element-cc12eaf\" data-id=\"cc12eaf\" data-element_type=\"column\">\n\t\t\t<div class=\"elementor-column-wrap elementor-element-populated\">\n\t\t\t\t\t\t\t<div class=\"elementor-widget-wrap\">\n\t\t\t\t\t\t<div class=\"elementor-element elementor-element-6a81eb8 elementor-widget elementor-widget-spacer\" data-id=\"6a81eb8\" data-element_type=\"widget\" data-widget_type=\"spacer.default\">\n\t\t\t\t<div class=\"elementor-widget-container\">\n\t\t\t\t\t<div class=\"elementor-spacer\">\n\t\t\t<div class=\"elementor-spacer-inner\"><\/div>\n\t\t<\/div>\n\t\t\t\t<\/div>\n\t\t\t\t<\/div>\n\t\t\t\t\t\t<\/div>\n\t\t\t\t\t<\/div>\n\t\t<\/div>\n\t\t\t\t\t\t\t\t<\/div>\n\t\t\t\t\t<\/div>\n\t\t<\/section>\n\t\t\t\t\t\t\t\t\t<\/div>\n\t\t\t<\/div>\n\t\t\t\t\t<\/div>\n\t\t","protected":false},"excerpt":{"rendered":"<p>Resultados do projeto O Dig-Equal visa desenvolver ferramentas e pr\u00e1ticas pedag\u00f3gicas profundamente enraizadas no quotidiano e nas dificuldades enfrentadas por n\u00f3s, cidad\u00e3os. Queremos refletir sobre como tornar o Governo Eletr\u00f3nico e os servi\u00e7os online mais pr\u00f3ximos dos adultos e, ao mesmo tempo, desenvolver materiais simples e inovadores para educadores e organiza\u00e7\u00f5es que apoiam adultos em [&hellip;]<\/p>\n","protected":false},"author":7,"featured_media":0,"parent":0,"menu_order":0,"comment_status":"closed","ping_status":"closed","template":"","meta":[],"_links":{"self":[{"href":"https:\/\/www.digequal.com\/pt-pt\/wp-json\/wp\/v2\/pages\/1267"}],"collection":[{"href":"https:\/\/www.digequal.com\/pt-pt\/wp-json\/wp\/v2\/pages"}],"about":[{"href":"https:\/\/www.digequal.com\/pt-pt\/wp-json\/wp\/v2\/types\/page"}],"author":[{"embeddable":true,"href":"https:\/\/www.digequal.com\/pt-pt\/wp-json\/wp\/v2\/users\/7"}],"replies":[{"embeddable":true,"href":"https:\/\/www.digequal.com\/pt-pt\/wp-json\/wp\/v2\/comments?post=1267"}],"version-history":[{"count":25,"href":"https:\/\/www.digequal.com\/pt-pt\/wp-json\/wp\/v2\/pages\/1267\/revisions"}],"predecessor-version":[{"id":10665,"href":"https:\/\/www.digequal.com\/pt-pt\/wp-json\/wp\/v2\/pages\/1267\/revisions\/10665"}],"wp:attachment":[{"href":"https:\/\/www.digequal.com\/pt-pt\/wp-json\/wp\/v2\/media?parent=1267"}],"curies":[{"name":"wp","href":"https:\/\/api.w.org\/{rel}","templated":true}]}}